{"id":559,"date":"2021-12-21T07:32:30","date_gmt":"2021-12-21T12:32:30","guid":{"rendered":"https:\/\/unidadestudio.com\/impromex\/product\/filtro-de-particulas-delta-plus-2\/"},"modified":"2025-07-07T22:19:51","modified_gmt":"2025-07-08T03:19:51","slug":"filtro-de-particulas-delta-plus-2","status":"publish","type":"product","link":"https:\/\/unidadestudio.com\/impromex\/tienda\/industrias\/servicios-corporativos-y-facility-management\/limpieza-y-mantenimiento\/filtro-de-particulas-delta-plus-2\/","title":{"rendered":"Filtro de Part\u00edculas, Polvo y Dolomita Delta Plus"},"content":{"rendered":"<p>Filtro con protecci\u00f3n P3.<\/p>\n<p>Kit de 2 filtros para usar con m\u00e1scara media cara Jupiter M6400.<\/p>\n<p>No tejido.<\/p>\n<\/p>\n<h2>USOS<\/h2>\n<p><img decoding=\"async\" src=\"\/img\/cms\/%C3%8Dconos%2020\/Industria-Pesada.png\" alt=\"\" width=\"800\" height=\"800\" \/><\/p>\n<h2>INDUSTRIA PESADA\/LIGERA<\/h2>\n<p><img decoding=\"async\" src=\"\/img\/cms\/%C3%8Dconos%2020\/Servicios-log%C3%ADstica.png\" alt=\"\" width=\"800\" height=\"800\" \/><\/p>\n<h2>SERVICIOS\/LOG\u00cdSTICA<\/h2>\n<p><img decoding=\"async\" src=\"\/img\/cms\/%C3%8Dconos%2020\/Industria-petrol%C3%ADfera.png\" alt=\"\" width=\"800\" height=\"800\" \/><\/p>\n<h2>INDUSTRIA PETROL\u00cdFERA\/GAS<\/h2>\n<p><img decoding=\"async\" src=\"\/img\/cms\/%C3%8Dconos%2020\/Industria-minera.png\" alt=\"\" width=\"800\" height=\"800\" \/><\/p>\n<h2>INDUSTRIA MINERA<\/h2>\n<p><img decoding=\"async\" src=\"\/img\/cms\/%C3%8Dconos%2020\/Agricultura.png\" alt=\"\" width=\"800\" height=\"800\" \/><\/p>\n<h2>AGRICULTURA\/ ESPACIOS VERDES<\/h2>\n<p><img decoding=\"async\" src=\"\/img\/cms\/%C3%8Dconos%2020\/Industria-mec%C3%A1nica.png\" alt=\"\" width=\"800\" height=\"800\" \/><\/p>\n<h2>INDUSTRIA MEC\u00c1NICA<\/h2>\n<p><img decoding=\"async\" src=\"\/img\/cms\/%C3%8Dconos%2020\/Obra-p%C3%BAblica.png\" alt=\"\" width=\"800\" height=\"800\" \/><\/p>\n<h2>OBRA P\u00daBLICA\/CONSTRUCCI\u00d3N<\/h2>\n<h2>18000V<\/h2>\n<p><img decoding=\"async\" src=\"\/img\/cms\/%C3%8Dconos%2020\/Diel%C3%A9ctrico.png\" alt=\"\" width=\"800\" height=\"800\" \/><\/p>\n<h2>DIEL\u00c9CTRICO<\/h2>\n<p><img decoding=\"async\" src=\"\/img\/cms\/%C3%8Dconos%2020\/Industria-qu%C3%ADmica.png\" alt=\"\" width=\"800\" height=\"800\" \/><\/p>\n<h2>INDUSTRIA QU\u00cdMICA\/ FARMAC\u00c9UTICA<\/h2>\n<h4>NORMATIVAS<\/h4>\n<p><img decoding=\"async\" src=\"\/img\/cms\/ce.png\" alt=\"\" width=\"66\" height=\"56\" \/> <a>EN 143: P3<\/a><\/p>\n<p>Integra los ensayos de laboratorio para asegurar la conformidad de resistencia a los choques, a la temperatura, a la humedad, a los medios corrosivos y a la resistencia mec\u00e1nica y respiratoria.<\/p>\n<p><b>P3:<\/b> Protecci\u00f3n contra aerosoles solidos y\/o l\u00edquidos indicados como t\u00f3xicos.<\/p>\n<p><img decoding=\"async\" src=\"\/img\/cms\/Logos\/DeltraPlus.png\" alt=\"\" width=\"3240\" height=\"3240\" \/><\/p>\n","protected":false},"excerpt":{"rendered":"<p><strong>Marca:<\/strong> Delta Plus<\/p>\n<p><strong>C\u00f3digo:<\/strong> M6000P3<\/p>\n","protected":false},"featured_media":558,"comment_status":"open","ping_status":"closed","template":"","meta":{"_joinchat":[]},"product_brand":[1702],"product_cat":[1950,1972,1955,1959,1994,1968,33],"product_tag":[557,554,561,559,533,560,558,555,556],"class_list":{"0":"post-559","1":"product","2":"type-product","3":"status-publish","4":"has-post-thumbnail","6":"product_brand-delta-plus","7":"product_cat-agroindustria-floricultura-y-pesca","8":"product_cat-gestion-ambiental-y-residuos","9":"product_cat-industria-alimentaria-y-cocina","10":"product_cat-industria-manufacturera","11":"product_cat-limpieza-y-mantenimiento","12":"product_cat-petroleo-gas-y-mineria","13":"product_cat-proteccion-respiratoria","14":"product_tag-certificacion-en143-p3","15":"product_tag-compatible-con-semimascaras-m640","16":"product_tag-construccion-e-industrias-con-al","17":"product_tag-filtracion-de-alta-eficiencia-pa","18":"product_tag-filtro-p3-para-particulas","19":"product_tag-ideal-para-trabajos-en-mineria","20":"product_tag-kit-de-2-filtros-para-mayor-dura","21":"product_tag-material-no-tejido","22":"product_tag-proteccion-avanzada-contra-polvo","24":"first","25":"instock","26":"taxable","27":"shipping-taxable","28":"purchasable","29":"product-type-simple"},"yoast_head":"<!-- This site is optimized with the Yoast SEO plugin v27.4 - https:\/\/yoast.com\/product\/yoast-seo-wordpress\/ -->\n<title>Filtro de Part\u00edculas, Polvo y Dolomita Delta Plus - Impromex<\/title>\n<meta name=\"description\" content=\"Kit de 2 filtros para usar con m\u00e1scara media cara. Caja de pl\u00e1stico y fibras sint\u00e9ticas. Filtro con protecci\u00f3n P3.\" \/>\n<meta name=\"robots\" content=\"index, follow, max-snippet:-1, max-image-preview:large, max-video-preview:-1\" \/>\n<link rel=\"canonical\" href=\"https:\/\/unidadestudio.com\/impromex\/tienda\/proteccion-respiratoria\/filtro-de-particulas-delta-plus-2\/\" \/>\n<meta property=\"og:locale\" content=\"es_ES\" \/>\n<meta property=\"og:type\" content=\"article\" \/>\n<meta property=\"og:title\" content=\"Filtro de Part\u00edculas, Polvo y Dolomita Delta Plus - Impromex\" \/>\n<meta property=\"og:description\" content=\"Kit de 2 filtros para usar con m\u00e1scara media cara. Caja de pl\u00e1stico y fibras sint\u00e9ticas. Filtro con protecci\u00f3n P3.\" \/>\n<meta property=\"og:url\" content=\"https:\/\/unidadestudio.com\/impromex\/tienda\/proteccion-respiratoria\/filtro-de-particulas-delta-plus-2\/\" \/>\n<meta property=\"og:site_name\" content=\"Impromex\" \/>\n<meta property=\"article:publisher\" content=\"https:\/\/www.facebook.com\/impromex.ec\" \/>\n<meta property=\"article:modified_time\" content=\"2025-07-08T03:19:51+00:00\" \/>\n<meta property=\"og:image\" content=\"https:\/\/unidadestudio.com\/impromex\/wp-content\/uploads\/2021\/12\/1611-c1e-Filtro-de-Particulas-Polvo-y-Dolomita-Delta-Plus.jpg\" \/>\n\t<meta property=\"og:image:width\" content=\"800\" \/>\n\t<meta property=\"og:image:height\" content=\"800\" \/>\n\t<meta property=\"og:image:type\" content=\"image\/jpeg\" \/>\n<meta name=\"twitter:card\" content=\"summary_large_image\" \/>\n<meta name=\"twitter:label1\" content=\"Tiempo de lectura\" \/>\n\t<meta name=\"twitter:data1\" content=\"1 minuto\" \/>\n<script type=\"application\/ld+json\" class=\"yoast-schema-graph\">{\"@context\":\"https:\\\/\\\/schema.org\",\"@graph\":[{\"@type\":\"WebPage\",\"@id\":\"https:\\\/\\\/unidadestudio.com\\\/impromex\\\/tienda\\\/proteccion-respiratoria\\\/filtro-de-particulas-delta-plus-2\\\/\",\"url\":\"https:\\\/\\\/unidadestudio.com\\\/impromex\\\/tienda\\\/proteccion-respiratoria\\\/filtro-de-particulas-delta-plus-2\\\/\",\"name\":\"Filtro de Part\u00edculas, Polvo y Dolomita Delta Plus - Impromex\",\"isPartOf\":{\"@id\":\"https:\\\/\\\/unidadestudio.com\\\/impromex\\\/#website\"},\"primaryImageOfPage\":{\"@id\":\"https:\\\/\\\/unidadestudio.com\\\/impromex\\\/tienda\\\/proteccion-respiratoria\\\/filtro-de-particulas-delta-plus-2\\\/#primaryimage\"},\"image\":{\"@id\":\"https:\\\/\\\/unidadestudio.com\\\/impromex\\\/tienda\\\/proteccion-respiratoria\\\/filtro-de-particulas-delta-plus-2\\\/#primaryimage\"},\"thumbnailUrl\":\"https:\\\/\\\/unidadestudio.com\\\/impromex\\\/wp-content\\\/uploads\\\/2021\\\/12\\\/1611-c1e-Filtro-de-Particulas-Polvo-y-Dolomita-Delta-Plus.jpg\",\"datePublished\":\"2021-12-21T12:32:30+00:00\",\"dateModified\":\"2025-07-08T03:19:51+00:00\",\"description\":\"Kit de 2 filtros para usar con m\u00e1scara media cara. Caja de pl\u00e1stico y fibras sint\u00e9ticas. Filtro con protecci\u00f3n P3.\",\"breadcrumb\":{\"@id\":\"https:\\\/\\\/unidadestudio.com\\\/impromex\\\/tienda\\\/proteccion-respiratoria\\\/filtro-de-particulas-delta-plus-2\\\/#breadcrumb\"},\"inLanguage\":\"es\",\"potentialAction\":[{\"@type\":\"ReadAction\",\"target\":[\"https:\\\/\\\/unidadestudio.com\\\/impromex\\\/tienda\\\/proteccion-respiratoria\\\/filtro-de-particulas-delta-plus-2\\\/\"]}]},{\"@type\":\"ImageObject\",\"inLanguage\":\"es\",\"@id\":\"https:\\\/\\\/unidadestudio.com\\\/impromex\\\/tienda\\\/proteccion-respiratoria\\\/filtro-de-particulas-delta-plus-2\\\/#primaryimage\",\"url\":\"https:\\\/\\\/unidadestudio.com\\\/impromex\\\/wp-content\\\/uploads\\\/2021\\\/12\\\/1611-c1e-Filtro-de-Particulas-Polvo-y-Dolomita-Delta-Plus.jpg\",\"contentUrl\":\"https:\\\/\\\/unidadestudio.com\\\/impromex\\\/wp-content\\\/uploads\\\/2021\\\/12\\\/1611-c1e-Filtro-de-Particulas-Polvo-y-Dolomita-Delta-Plus.jpg\",\"width\":800,\"height\":800,\"caption\":\"Filtro de Part\u00edculas, Polvo y Dolomita Delta Plus\"},{\"@type\":\"BreadcrumbList\",\"@id\":\"https:\\\/\\\/unidadestudio.com\\\/impromex\\\/tienda\\\/proteccion-respiratoria\\\/filtro-de-particulas-delta-plus-2\\\/#breadcrumb\",\"itemListElement\":[{\"@type\":\"ListItem\",\"position\":1,\"name\":\"Inicio\",\"item\":\"https:\\\/\\\/unidadestudio.com\\\/impromex\\\/\"},{\"@type\":\"ListItem\",\"position\":2,\"name\":\"Tienda\",\"item\":\"https:\\\/\\\/unidadestudio.com\\\/impromex\\\/tienda\\\/\"},{\"@type\":\"ListItem\",\"position\":3,\"name\":\"Protecci\u00f3n Respiratoria\",\"item\":\"https:\\\/\\\/unidadestudio.com\\\/impromex\\\/categorias\\\/proteccion-respiratoria\\\/\"},{\"@type\":\"ListItem\",\"position\":4,\"name\":\"Filtro de Part\u00edculas, Polvo y Dolomita Delta Plus\"}]},{\"@type\":\"WebSite\",\"@id\":\"https:\\\/\\\/unidadestudio.com\\\/impromex\\\/#website\",\"url\":\"https:\\\/\\\/unidadestudio.com\\\/impromex\\\/\",\"name\":\"Impromex\",\"description\":\"\",\"publisher\":{\"@id\":\"https:\\\/\\\/unidadestudio.com\\\/impromex\\\/#organization\"},\"potentialAction\":[{\"@type\":\"SearchAction\",\"target\":{\"@type\":\"EntryPoint\",\"urlTemplate\":\"https:\\\/\\\/unidadestudio.com\\\/impromex\\\/?s={search_term_string}\"},\"query-input\":{\"@type\":\"PropertyValueSpecification\",\"valueRequired\":true,\"valueName\":\"search_term_string\"}}],\"inLanguage\":\"es\"},{\"@type\":\"Organization\",\"@id\":\"https:\\\/\\\/unidadestudio.com\\\/impromex\\\/#organization\",\"name\":\"Impromex\",\"url\":\"https:\\\/\\\/unidadestudio.com\\\/impromex\\\/\",\"logo\":{\"@type\":\"ImageObject\",\"inLanguage\":\"es\",\"@id\":\"https:\\\/\\\/unidadestudio.com\\\/impromex\\\/#\\\/schema\\\/logo\\\/image\\\/\",\"url\":\"https:\\\/\\\/unidadestudio.com\\\/impromex\\\/wp-content\\\/uploads\\\/2025\\\/03\\\/Logo-Impromex-e1742592392883.png\",\"contentUrl\":\"https:\\\/\\\/unidadestudio.com\\\/impromex\\\/wp-content\\\/uploads\\\/2025\\\/03\\\/Logo-Impromex-e1742592392883.png\",\"width\":500,\"height\":95,\"caption\":\"Impromex\"},\"image\":{\"@id\":\"https:\\\/\\\/unidadestudio.com\\\/impromex\\\/#\\\/schema\\\/logo\\\/image\\\/\"},\"sameAs\":[\"https:\\\/\\\/www.facebook.com\\\/impromex.ec\",\"https:\\\/\\\/www.instagram.com\\\/impromex.ec\\\/\"]}]}<\/script>\n<!-- \/ Yoast SEO plugin. -->","yoast_head_json":{"title":"Filtro de Part\u00edculas, Polvo y Dolomita Delta Plus - Impromex","description":"Kit de 2 filtros para usar con m\u00e1scara media cara. Caja de pl\u00e1stico y fibras sint\u00e9ticas. Filtro con protecci\u00f3n P3.","robots":{"index":"index","follow":"follow","max-snippet":"max-snippet:-1","max-image-preview":"max-image-preview:large","max-video-preview":"max-video-preview:-1"},"canonical":"https:\/\/unidadestudio.com\/impromex\/tienda\/proteccion-respiratoria\/filtro-de-particulas-delta-plus-2\/","og_locale":"es_ES","og_type":"article","og_title":"Filtro de Part\u00edculas, Polvo y Dolomita Delta Plus - Impromex","og_description":"Kit de 2 filtros para usar con m\u00e1scara media cara. Caja de pl\u00e1stico y fibras sint\u00e9ticas. Filtro con protecci\u00f3n P3.","og_url":"https:\/\/unidadestudio.com\/impromex\/tienda\/proteccion-respiratoria\/filtro-de-particulas-delta-plus-2\/","og_site_name":"Impromex","article_publisher":"https:\/\/www.facebook.com\/impromex.ec","article_modified_time":"2025-07-08T03:19:51+00:00","og_image":[{"width":800,"height":800,"url":"https:\/\/unidadestudio.com\/impromex\/wp-content\/uploads\/2021\/12\/1611-c1e-Filtro-de-Particulas-Polvo-y-Dolomita-Delta-Plus.jpg","type":"image\/jpeg"}],"twitter_card":"summary_large_image","twitter_misc":{"Tiempo de lectura":"1 minuto"},"schema":{"@context":"https:\/\/schema.org","@graph":[{"@type":"WebPage","@id":"https:\/\/unidadestudio.com\/impromex\/tienda\/proteccion-respiratoria\/filtro-de-particulas-delta-plus-2\/","url":"https:\/\/unidadestudio.com\/impromex\/tienda\/proteccion-respiratoria\/filtro-de-particulas-delta-plus-2\/","name":"Filtro de Part\u00edculas, Polvo y Dolomita Delta Plus - Impromex","isPartOf":{"@id":"https:\/\/unidadestudio.com\/impromex\/#website"},"primaryImageOfPage":{"@id":"https:\/\/unidadestudio.com\/impromex\/tienda\/proteccion-respiratoria\/filtro-de-particulas-delta-plus-2\/#primaryimage"},"image":{"@id":"https:\/\/unidadestudio.com\/impromex\/tienda\/proteccion-respiratoria\/filtro-de-particulas-delta-plus-2\/#primaryimage"},"thumbnailUrl":"https:\/\/unidadestudio.com\/impromex\/wp-content\/uploads\/2021\/12\/1611-c1e-Filtro-de-Particulas-Polvo-y-Dolomita-Delta-Plus.jpg","datePublished":"2021-12-21T12:32:30+00:00","dateModified":"2025-07-08T03:19:51+00:00","description":"Kit de 2 filtros para usar con m\u00e1scara media cara. Caja de pl\u00e1stico y fibras sint\u00e9ticas. Filtro con protecci\u00f3n P3.","breadcrumb":{"@id":"https:\/\/unidadestudio.com\/impromex\/tienda\/proteccion-respiratoria\/filtro-de-particulas-delta-plus-2\/#breadcrumb"},"inLanguage":"es","potentialAction":[{"@type":"ReadAction","target":["https:\/\/unidadestudio.com\/impromex\/tienda\/proteccion-respiratoria\/filtro-de-particulas-delta-plus-2\/"]}]},{"@type":"ImageObject","inLanguage":"es","@id":"https:\/\/unidadestudio.com\/impromex\/tienda\/proteccion-respiratoria\/filtro-de-particulas-delta-plus-2\/#primaryimage","url":"https:\/\/unidadestudio.com\/impromex\/wp-content\/uploads\/2021\/12\/1611-c1e-Filtro-de-Particulas-Polvo-y-Dolomita-Delta-Plus.jpg","contentUrl":"https:\/\/unidadestudio.com\/impromex\/wp-content\/uploads\/2021\/12\/1611-c1e-Filtro-de-Particulas-Polvo-y-Dolomita-Delta-Plus.jpg","width":800,"height":800,"caption":"Filtro de Part\u00edculas, Polvo y Dolomita Delta Plus"},{"@type":"BreadcrumbList","@id":"https:\/\/unidadestudio.com\/impromex\/tienda\/proteccion-respiratoria\/filtro-de-particulas-delta-plus-2\/#breadcrumb","itemListElement":[{"@type":"ListItem","position":1,"name":"Inicio","item":"https:\/\/unidadestudio.com\/impromex\/"},{"@type":"ListItem","position":2,"name":"Tienda","item":"https:\/\/unidadestudio.com\/impromex\/tienda\/"},{"@type":"ListItem","position":3,"name":"Protecci\u00f3n Respiratoria","item":"https:\/\/unidadestudio.com\/impromex\/categorias\/proteccion-respiratoria\/"},{"@type":"ListItem","position":4,"name":"Filtro de Part\u00edculas, Polvo y Dolomita Delta Plus"}]},{"@type":"WebSite","@id":"https:\/\/unidadestudio.com\/impromex\/#website","url":"https:\/\/unidadestudio.com\/impromex\/","name":"Impromex","description":"","publisher":{"@id":"https:\/\/unidadestudio.com\/impromex\/#organization"},"potentialAction":[{"@type":"SearchAction","target":{"@type":"EntryPoint","urlTemplate":"https:\/\/unidadestudio.com\/impromex\/?s={search_term_string}"},"query-input":{"@type":"PropertyValueSpecification","valueRequired":true,"valueName":"search_term_string"}}],"inLanguage":"es"},{"@type":"Organization","@id":"https:\/\/unidadestudio.com\/impromex\/#organization","name":"Impromex","url":"https:\/\/unidadestudio.com\/impromex\/","logo":{"@type":"ImageObject","inLanguage":"es","@id":"https:\/\/unidadestudio.com\/impromex\/#\/schema\/logo\/image\/","url":"https:\/\/unidadestudio.com\/impromex\/wp-content\/uploads\/2025\/03\/Logo-Impromex-e1742592392883.png","contentUrl":"https:\/\/unidadestudio.com\/impromex\/wp-content\/uploads\/2025\/03\/Logo-Impromex-e1742592392883.png","width":500,"height":95,"caption":"Impromex"},"image":{"@id":"https:\/\/unidadestudio.com\/impromex\/#\/schema\/logo\/image\/"},"sameAs":["https:\/\/www.facebook.com\/impromex.ec","https:\/\/www.instagram.com\/impromex.ec\/"]}]}},"_links":{"self":[{"href":"https:\/\/unidadestudio.com\/impromex\/wp-json\/wp\/v2\/product\/559","targetHints":{"allow":["GET"]}}],"collection":[{"href":"https:\/\/unidadestudio.com\/impromex\/wp-json\/wp\/v2\/product"}],"about":[{"href":"https:\/\/unidadestudio.com\/impromex\/wp-json\/wp\/v2\/types\/product"}],"replies":[{"embeddable":true,"href":"https:\/\/unidadestudio.com\/impromex\/wp-json\/wp\/v2\/comments?post=559"}],"wp:featuredmedia":[{"embeddable":true,"href":"https:\/\/unidadestudio.com\/impromex\/wp-json\/wp\/v2\/media\/558"}],"wp:attachment":[{"href":"https:\/\/unidadestudio.com\/impromex\/wp-json\/wp\/v2\/media?parent=559"}],"wp:term":[{"taxonomy":"product_brand","embeddable":true,"href":"https:\/\/unidadestudio.com\/impromex\/wp-json\/wp\/v2\/product_brand?post=559"},{"taxonomy":"product_cat","embeddable":true,"href":"https:\/\/unidadestudio.com\/impromex\/wp-json\/wp\/v2\/product_cat?post=559"},{"taxonomy":"product_tag","embeddable":true,"href":"https:\/\/unidadestudio.com\/impromex\/wp-json\/wp\/v2\/product_tag?post=559"}],"curies":[{"name":"wp","href":"https:\/\/api.w.org\/{rel}","templated":true}]}}