{"id":259,"date":"2025-04-23T18:17:32","date_gmt":"2025-04-23T23:17:32","guid":{"rendered":"https:\/\/unidadestudio.com\/impromex\/?post_type=product&#038;p=259"},"modified":"2025-07-07T22:19:17","modified_gmt":"2025-07-08T03:19:17","slug":"pantalon-jean-indigo-con-cinta-reflectiva","status":"publish","type":"product","link":"https:\/\/unidadestudio.com\/impromex\/tienda\/industrias\/servicios-corporativos-y-facility-management\/limpieza-y-mantenimiento\/pantalon-jean-indigo-con-cinta-reflectiva\/","title":{"rendered":"Pantal\u00f3n Jean | \u00cdndigo con cinta reflectiva"},"content":{"rendered":"<p><div class=\"fusion-fullwidth fullwidth-box fusion-builder-row-1 fusion-flex-container has-pattern-background has-mask-background nonhundred-percent-fullwidth non-hundred-percent-height-scrolling\" style=\"--awb-border-radius-top-left:0px;--awb-border-radius-top-right:0px;--awb-border-radius-bottom-right:0px;--awb-border-radius-bottom-left:0px;--awb-flex-wrap:wrap;\" ><div class=\"fusion-builder-row fusion-row fusion-flex-align-items-flex-start fusion-flex-content-wrap\" style=\"max-width:1248px;margin-left: calc(-4% \/ 2 );margin-right: calc(-4% \/ 2 );\"><div class=\"fusion-layout-column fusion_builder_column fusion-builder-column-0 fusion_builder_column_1_1 1_1 fusion-flex-column\" style=\"--awb-bg-size:cover;--awb-width-large:100%;--awb-margin-top-large:0px;--awb-spacing-right-large:1.92%;--awb-margin-bottom-large:20px;--awb-spacing-left-large:1.92%;--awb-width-medium:100%;--awb-order-medium:0;--awb-spacing-right-medium:1.92%;--awb-spacing-left-medium:1.92%;--awb-width-small:100%;--awb-order-small:0;--awb-spacing-right-small:1.92%;--awb-spacing-left-small:1.92%;\"><div class=\"fusion-column-wrapper fusion-column-has-shadow fusion-flex-justify-content-flex-start fusion-content-layout-column\"><div class=\"fusion-title title fusion-title-1 fusion-sep-none fusion-title-text fusion-title-size-four\" style=\"--awb-text-color:var(--awb-color4);\"><h4 class=\"fusion-title-heading title-heading-left\" style=\"margin:0;\">CARACTER\u00cdSTICAS PRINCIPALES<\/h4><\/div><\/div><\/div><\/div><\/div><div class=\"fusion-fullwidth fullwidth-box fusion-builder-row-2 fusion-flex-container has-pattern-background has-mask-background nonhundred-percent-fullwidth non-hundred-percent-height-scrolling\" style=\"--awb-border-radius-top-left:0px;--awb-border-radius-top-right:0px;--awb-border-radius-bottom-right:0px;--awb-border-radius-bottom-left:0px;--awb-flex-wrap:wrap;\" ><div class=\"fusion-builder-row fusion-row fusion-flex-align-items-flex-start fusion-flex-content-wrap\" style=\"max-width:1248px;margin-left: calc(-4% \/ 2 );margin-right: calc(-4% \/ 2 );\"><div class=\"fusion-layout-column fusion_builder_column fusion-builder-column-1 fusion_builder_column_1_1 1_1 fusion-flex-column\" style=\"--awb-bg-size:cover;--awb-width-large:100%;--awb-margin-top-large:0px;--awb-spacing-right-large:1.92%;--awb-margin-bottom-large:20px;--awb-spacing-left-large:1.92%;--awb-width-medium:100%;--awb-order-medium:0;--awb-spacing-right-medium:1.92%;--awb-spacing-left-medium:1.92%;--awb-width-small:100%;--awb-order-small:0;--awb-spacing-right-small:1.92%;--awb-spacing-left-small:1.92%;\"><div class=\"fusion-column-wrapper fusion-column-has-shadow fusion-flex-justify-content-flex-start fusion-content-layout-column\"><div class=\"fusion-text fusion-text-1\"><p>Tela: Jean | \u00cdndigo<\/p>\n<p>Material: 100% algod\u00f3n de 14 onz.<\/p>\n<p>Proceso: Prelavado<\/p>\n<p>Modelo: Cl\u00e1sico<\/p>\n<p>Disponible: Todas las tallas.<\/p>\n<p>Opcional: Logo institucional, bordado, estampado, cinta reflectiva de 1\u201d o 2\u201d.<\/p>\n<\/div><\/div><\/div><\/div><\/div><\/p>\n","protected":false},"excerpt":{"rendered":"<p><strong>\u00a1PERSONALIZA TU PEDIDO!<\/strong><\/p>\n<p>Para adquirir este producto, te invitamos a comunicarte con uno de nuestros Asesores Comerciales llenando el formulario en el bot\u00f3n;<\/p>\n<p>Ind\u00edcanos las especificaciones detalladas de tu requerimiento y con gusto te asistiremos en todo el proceso de compra;<\/p>\n<p>Ser\u00e1 un placer ayudarte a encontrar justo lo que necesitas;<\/p>\n<p>&nbsp;<\/p>\n[fusion_button link=\"\" enable_hover_text_icon=\"no\" hover_text=\"\" title=\"\" target=\"_self\" link_attributes=\"\" aria_role_button=\"0\" alignment_medium=\"\" alignment_small=\"\" alignment=\"center\" modal=\"formulario-proforma\" hide_on_mobile=\"small-visibility,medium-visibility,large-visibility\" sticky_display=\"normal,sticky\" class=\"\" id=\"\" color=\"custom\" button_gradient_top_color_hover=\"var(--awb-color5)\" hue=\"\" saturation=\"\" lightness=\"\" alpha=\"\" button_gradient_top_color=\"var(--awb-color4)\" button_gradient_bottom_color_hover=\"var(--awb-color5)\" button_gradient_bottom_color=\"var(--awb-color4)\" gradient_start_position=\"\" gradient_end_position=\"\" gradient_type=\"\" radial_direction=\"\" linear_angle=\"\" accent_hover_color=\"var(--awb-color1)\" accent_color=\"var(--awb-color1)\" type=\"\" bevel_color=\"\" bevel_color_hover=\"\" border_top=\"\" border_right=\"\" border_bottom=\"\" border_left=\"\" border_radius_top_left=\"\" border_radius_top_right=\"\" border_radius_bottom_right=\"\" border_radius_bottom_left=\"\" border_hover_color=\"\" border_color=\"\" size=\"\" padding_top=\"\" padding_right=\"\" padding_bottom=\"\" padding_left=\"\" fusion_font_family_button_font=\"\" fusion_font_variant_button_font=\"\" font_size=\"\" line_height=\"\" letter_spacing=\"\" text_transform=\"\" stretch=\"default\" margin_top=\"\" margin_right=\"\" margin_bottom=\"\" margin_left=\"\" icon=\"fa-edit fas\" hover_icon=\"\" icon_position=\"left\" icon_divider=\"no\" hover_transition=\"none\" animation_type=\"\" animation_direction=\"left\" animation_color=\"\" animation_speed=\"0;3\" animation_delay=\"0\" animation_offset=\"\"]Pide una proforma[\/fusion_button]\n[fusion_modal name=\"formulario-proforma\" title=\"Solicita tu proforma\" size=\"large\" background=\"\" hue=\"\" saturation=\"\" lightness=\"\" alpha=\"\" border_color=\"\" show_footer=\"no\" awb-switch-editor-focus=\"\" class=\"\" id=\"\"]<\/p>\n<p>[fusion_form form_post_id=\"1808\" hide_on_mobile=\"small-visibility,medium-visibility,large-visibility\" \/]<\/p>\n<p>[\/fusion_modal]\n","protected":false},"featured_media":258,"comment_status":"open","ping_status":"closed","template":"","meta":{"_joinchat":[]},"product_brand":[],"product_cat":[1950,1986,1987,1946,1996,1964,1972,1955,1959,1994,1968,40,1988,1981],"product_tag":[246],"class_list":{"0":"post-259","1":"product","2":"type-product","3":"status-publish","4":"has-post-thumbnail","6":"product_cat-agroindustria-floricultura-y-pesca","7":"product_cat-centros-de-datos","8":"product_cat-comunicaciones-satelitales","9":"product_cat-construccion-y-obras-publicas","10":"product_cat-educacion-cultura-y-eventos","11":"product_cat-energia-y-sector-electrico","12":"product_cat-gestion-ambiental-y-residuos","13":"product_cat-industria-alimentaria-y-cocina","14":"product_cat-industria-manufacturera","15":"product_cat-limpieza-y-mantenimiento","16":"product_cat-petroleo-gas-y-mineria","17":"product_cat-ropa-de-trabajo","18":"product_cat-seguridad-publica-y-emergencias","19":"product_cat-transporte-almacenamiento-y-logistica","20":"product_tag-puntera-de-composite-con-refuerz","21":"pa_tamano-2xl","22":"pa_tamano-3xl","23":"pa_tamano-l","24":"pa_tamano-m","25":"pa_tamano-s","26":"pa_tamano-xl","28":"first","29":"instock","30":"taxable","31":"shipping-taxable","32":"product-type-variable","33":"has-default-attributes"},"yoast_head":"<!-- This site is optimized with the Yoast SEO plugin v27.4 - https:\/\/yoast.com\/product\/yoast-seo-wordpress\/ -->\n<title>Pantal\u00f3n Jean | \u00cdndigo con cinta reflectiva - Impromex<\/title>\n<meta name=\"description\" content=\"Pantal\u00f3n en tela jean | \u00edndigo confeccionado con 100% algod\u00f3n de 14 onz prelavado. Modelo: Cl\u00e1sico. Opcional: Logo institucional, bordado, estampado, cinta reflectiva de 1\u201d o 2\u201d.\" \/>\n<meta name=\"robots\" content=\"index, follow, max-snippet:-1, max-image-preview:large, max-video-preview:-1\" \/>\n<link rel=\"canonical\" href=\"https:\/\/unidadestudio.com\/impromex\/tienda\/industrias\/servicios-corporativos-y-facility-management\/seguridad-privada-guardias-de-seguridad\/pantalon-jean-indigo-con-cinta-reflectiva\/\" \/>\n<meta property=\"og:locale\" content=\"es_ES\" \/>\n<meta property=\"og:type\" content=\"article\" \/>\n<meta property=\"og:title\" content=\"Pantal\u00f3n Jean | \u00cdndigo con cinta reflectiva - Impromex\" \/>\n<meta property=\"og:description\" content=\"Pantal\u00f3n en tela jean | \u00edndigo confeccionado con 100% algod\u00f3n de 14 onz prelavado. Modelo: Cl\u00e1sico. Opcional: Logo institucional, bordado, estampado, cinta reflectiva de 1\u201d o 2\u201d.\" \/>\n<meta property=\"og:url\" content=\"https:\/\/unidadestudio.com\/impromex\/tienda\/industrias\/servicios-corporativos-y-facility-management\/seguridad-privada-guardias-de-seguridad\/pantalon-jean-indigo-con-cinta-reflectiva\/\" \/>\n<meta property=\"og:site_name\" content=\"Impromex\" \/>\n<meta property=\"article:publisher\" content=\"https:\/\/www.facebook.com\/impromex.ec\" \/>\n<meta property=\"article:modified_time\" content=\"2025-07-08T03:19:17+00:00\" \/>\n<meta property=\"og:image\" content=\"https:\/\/unidadestudio.com\/impromex\/wp-content\/uploads\/2021\/12\/1213-523-Pantalon-Jean-Indigo-con-cinta-reflectiva.jpg\" \/>\n\t<meta property=\"og:image:width\" content=\"800\" \/>\n\t<meta property=\"og:image:height\" content=\"800\" \/>\n\t<meta property=\"og:image:type\" content=\"image\/jpeg\" \/>\n<meta name=\"twitter:card\" content=\"summary_large_image\" \/>\n<meta name=\"twitter:label1\" content=\"Tiempo de lectura\" \/>\n\t<meta name=\"twitter:data1\" content=\"1 minuto\" \/>\n<script type=\"application\/ld+json\" class=\"yoast-schema-graph\">{\"@context\":\"https:\\\/\\\/schema.org\",\"@graph\":[{\"@type\":\"WebPage\",\"@id\":\"https:\\\/\\\/unidadestudio.com\\\/impromex\\\/tienda\\\/industrias\\\/servicios-corporativos-y-facility-management\\\/seguridad-privada-guardias-de-seguridad\\\/pantalon-jean-indigo-con-cinta-reflectiva\\\/\",\"url\":\"https:\\\/\\\/unidadestudio.com\\\/impromex\\\/tienda\\\/industrias\\\/servicios-corporativos-y-facility-management\\\/seguridad-privada-guardias-de-seguridad\\\/pantalon-jean-indigo-con-cinta-reflectiva\\\/\",\"name\":\"Pantal\u00f3n Jean | \u00cdndigo con cinta reflectiva - Impromex\",\"isPartOf\":{\"@id\":\"https:\\\/\\\/unidadestudio.com\\\/impromex\\\/#website\"},\"primaryImageOfPage\":{\"@id\":\"https:\\\/\\\/unidadestudio.com\\\/impromex\\\/tienda\\\/industrias\\\/servicios-corporativos-y-facility-management\\\/seguridad-privada-guardias-de-seguridad\\\/pantalon-jean-indigo-con-cinta-reflectiva\\\/#primaryimage\"},\"image\":{\"@id\":\"https:\\\/\\\/unidadestudio.com\\\/impromex\\\/tienda\\\/industrias\\\/servicios-corporativos-y-facility-management\\\/seguridad-privada-guardias-de-seguridad\\\/pantalon-jean-indigo-con-cinta-reflectiva\\\/#primaryimage\"},\"thumbnailUrl\":\"https:\\\/\\\/unidadestudio.com\\\/impromex\\\/wp-content\\\/uploads\\\/2021\\\/12\\\/1213-523-Pantalon-Jean-Indigo-con-cinta-reflectiva.jpg\",\"datePublished\":\"2025-04-23T23:17:32+00:00\",\"dateModified\":\"2025-07-08T03:19:17+00:00\",\"description\":\"Pantal\u00f3n en tela jean | \u00edndigo confeccionado con 100% algod\u00f3n de 14 onz prelavado. Modelo: Cl\u00e1sico. Opcional: Logo institucional, bordado, estampado, cinta reflectiva de 1\u201d o 2\u201d.\",\"breadcrumb\":{\"@id\":\"https:\\\/\\\/unidadestudio.com\\\/impromex\\\/tienda\\\/industrias\\\/servicios-corporativos-y-facility-management\\\/seguridad-privada-guardias-de-seguridad\\\/pantalon-jean-indigo-con-cinta-reflectiva\\\/#breadcrumb\"},\"inLanguage\":\"es\",\"potentialAction\":[{\"@type\":\"ReadAction\",\"target\":[\"https:\\\/\\\/unidadestudio.com\\\/impromex\\\/tienda\\\/industrias\\\/servicios-corporativos-y-facility-management\\\/seguridad-privada-guardias-de-seguridad\\\/pantalon-jean-indigo-con-cinta-reflectiva\\\/\"]}]},{\"@type\":\"ImageObject\",\"inLanguage\":\"es\",\"@id\":\"https:\\\/\\\/unidadestudio.com\\\/impromex\\\/tienda\\\/industrias\\\/servicios-corporativos-y-facility-management\\\/seguridad-privada-guardias-de-seguridad\\\/pantalon-jean-indigo-con-cinta-reflectiva\\\/#primaryimage\",\"url\":\"https:\\\/\\\/unidadestudio.com\\\/impromex\\\/wp-content\\\/uploads\\\/2021\\\/12\\\/1213-523-Pantalon-Jean-Indigo-con-cinta-reflectiva.jpg\",\"contentUrl\":\"https:\\\/\\\/unidadestudio.com\\\/impromex\\\/wp-content\\\/uploads\\\/2021\\\/12\\\/1213-523-Pantalon-Jean-Indigo-con-cinta-reflectiva.jpg\",\"width\":800,\"height\":800,\"caption\":\"Pantal\u00f3n Jean | \u00cdndigo con cinta reflectiva\"},{\"@type\":\"BreadcrumbList\",\"@id\":\"https:\\\/\\\/unidadestudio.com\\\/impromex\\\/tienda\\\/industrias\\\/servicios-corporativos-y-facility-management\\\/seguridad-privada-guardias-de-seguridad\\\/pantalon-jean-indigo-con-cinta-reflectiva\\\/#breadcrumb\",\"itemListElement\":[{\"@type\":\"ListItem\",\"position\":1,\"name\":\"Inicio\",\"item\":\"https:\\\/\\\/unidadestudio.com\\\/impromex\\\/\"},{\"@type\":\"ListItem\",\"position\":2,\"name\":\"Tienda\",\"item\":\"https:\\\/\\\/unidadestudio.com\\\/impromex\\\/tienda\\\/\"},{\"@type\":\"ListItem\",\"position\":3,\"name\":\"Ropa de Trabajo\",\"item\":\"https:\\\/\\\/unidadestudio.com\\\/impromex\\\/categorias\\\/ropa-de-trabajo\\\/\"},{\"@type\":\"ListItem\",\"position\":4,\"name\":\"Pantal\u00f3n Jean | \u00cdndigo con cinta reflectiva\"}]},{\"@type\":\"WebSite\",\"@id\":\"https:\\\/\\\/unidadestudio.com\\\/impromex\\\/#website\",\"url\":\"https:\\\/\\\/unidadestudio.com\\\/impromex\\\/\",\"name\":\"Impromex\",\"description\":\"\",\"publisher\":{\"@id\":\"https:\\\/\\\/unidadestudio.com\\\/impromex\\\/#organization\"},\"potentialAction\":[{\"@type\":\"SearchAction\",\"target\":{\"@type\":\"EntryPoint\",\"urlTemplate\":\"https:\\\/\\\/unidadestudio.com\\\/impromex\\\/?s={search_term_string}\"},\"query-input\":{\"@type\":\"PropertyValueSpecification\",\"valueRequired\":true,\"valueName\":\"search_term_string\"}}],\"inLanguage\":\"es\"},{\"@type\":\"Organization\",\"@id\":\"https:\\\/\\\/unidadestudio.com\\\/impromex\\\/#organization\",\"name\":\"Impromex\",\"url\":\"https:\\\/\\\/unidadestudio.com\\\/impromex\\\/\",\"logo\":{\"@type\":\"ImageObject\",\"inLanguage\":\"es\",\"@id\":\"https:\\\/\\\/unidadestudio.com\\\/impromex\\\/#\\\/schema\\\/logo\\\/image\\\/\",\"url\":\"https:\\\/\\\/unidadestudio.com\\\/impromex\\\/wp-content\\\/uploads\\\/2025\\\/03\\\/Logo-Impromex-e1742592392883.png\",\"contentUrl\":\"https:\\\/\\\/unidadestudio.com\\\/impromex\\\/wp-content\\\/uploads\\\/2025\\\/03\\\/Logo-Impromex-e1742592392883.png\",\"width\":500,\"height\":95,\"caption\":\"Impromex\"},\"image\":{\"@id\":\"https:\\\/\\\/unidadestudio.com\\\/impromex\\\/#\\\/schema\\\/logo\\\/image\\\/\"},\"sameAs\":[\"https:\\\/\\\/www.facebook.com\\\/impromex.ec\",\"https:\\\/\\\/www.instagram.com\\\/impromex.ec\\\/\"]}]}<\/script>\n<!-- \/ Yoast SEO plugin. -->","yoast_head_json":{"title":"Pantal\u00f3n Jean | \u00cdndigo con cinta reflectiva - Impromex","description":"Pantal\u00f3n en tela jean | \u00edndigo confeccionado con 100% algod\u00f3n de 14 onz prelavado. Modelo: Cl\u00e1sico. Opcional: Logo institucional, bordado, estampado, cinta reflectiva de 1\u201d o 2\u201d.","robots":{"index":"index","follow":"follow","max-snippet":"max-snippet:-1","max-image-preview":"max-image-preview:large","max-video-preview":"max-video-preview:-1"},"canonical":"https:\/\/unidadestudio.com\/impromex\/tienda\/industrias\/servicios-corporativos-y-facility-management\/seguridad-privada-guardias-de-seguridad\/pantalon-jean-indigo-con-cinta-reflectiva\/","og_locale":"es_ES","og_type":"article","og_title":"Pantal\u00f3n Jean | \u00cdndigo con cinta reflectiva - Impromex","og_description":"Pantal\u00f3n en tela jean | \u00edndigo confeccionado con 100% algod\u00f3n de 14 onz prelavado. Modelo: Cl\u00e1sico. Opcional: Logo institucional, bordado, estampado, cinta reflectiva de 1\u201d o 2\u201d.","og_url":"https:\/\/unidadestudio.com\/impromex\/tienda\/industrias\/servicios-corporativos-y-facility-management\/seguridad-privada-guardias-de-seguridad\/pantalon-jean-indigo-con-cinta-reflectiva\/","og_site_name":"Impromex","article_publisher":"https:\/\/www.facebook.com\/impromex.ec","article_modified_time":"2025-07-08T03:19:17+00:00","og_image":[{"width":800,"height":800,"url":"https:\/\/unidadestudio.com\/impromex\/wp-content\/uploads\/2021\/12\/1213-523-Pantalon-Jean-Indigo-con-cinta-reflectiva.jpg","type":"image\/jpeg"}],"twitter_card":"summary_large_image","twitter_misc":{"Tiempo de lectura":"1 minuto"},"schema":{"@context":"https:\/\/schema.org","@graph":[{"@type":"WebPage","@id":"https:\/\/unidadestudio.com\/impromex\/tienda\/industrias\/servicios-corporativos-y-facility-management\/seguridad-privada-guardias-de-seguridad\/pantalon-jean-indigo-con-cinta-reflectiva\/","url":"https:\/\/unidadestudio.com\/impromex\/tienda\/industrias\/servicios-corporativos-y-facility-management\/seguridad-privada-guardias-de-seguridad\/pantalon-jean-indigo-con-cinta-reflectiva\/","name":"Pantal\u00f3n Jean | \u00cdndigo con cinta reflectiva - Impromex","isPartOf":{"@id":"https:\/\/unidadestudio.com\/impromex\/#website"},"primaryImageOfPage":{"@id":"https:\/\/unidadestudio.com\/impromex\/tienda\/industrias\/servicios-corporativos-y-facility-management\/seguridad-privada-guardias-de-seguridad\/pantalon-jean-indigo-con-cinta-reflectiva\/#primaryimage"},"image":{"@id":"https:\/\/unidadestudio.com\/impromex\/tienda\/industrias\/servicios-corporativos-y-facility-management\/seguridad-privada-guardias-de-seguridad\/pantalon-jean-indigo-con-cinta-reflectiva\/#primaryimage"},"thumbnailUrl":"https:\/\/unidadestudio.com\/impromex\/wp-content\/uploads\/2021\/12\/1213-523-Pantalon-Jean-Indigo-con-cinta-reflectiva.jpg","datePublished":"2025-04-23T23:17:32+00:00","dateModified":"2025-07-08T03:19:17+00:00","description":"Pantal\u00f3n en tela jean | \u00edndigo confeccionado con 100% algod\u00f3n de 14 onz prelavado. Modelo: Cl\u00e1sico. Opcional: Logo institucional, bordado, estampado, cinta reflectiva de 1\u201d o 2\u201d.","breadcrumb":{"@id":"https:\/\/unidadestudio.com\/impromex\/tienda\/industrias\/servicios-corporativos-y-facility-management\/seguridad-privada-guardias-de-seguridad\/pantalon-jean-indigo-con-cinta-reflectiva\/#breadcrumb"},"inLanguage":"es","potentialAction":[{"@type":"ReadAction","target":["https:\/\/unidadestudio.com\/impromex\/tienda\/industrias\/servicios-corporativos-y-facility-management\/seguridad-privada-guardias-de-seguridad\/pantalon-jean-indigo-con-cinta-reflectiva\/"]}]},{"@type":"ImageObject","inLanguage":"es","@id":"https:\/\/unidadestudio.com\/impromex\/tienda\/industrias\/servicios-corporativos-y-facility-management\/seguridad-privada-guardias-de-seguridad\/pantalon-jean-indigo-con-cinta-reflectiva\/#primaryimage","url":"https:\/\/unidadestudio.com\/impromex\/wp-content\/uploads\/2021\/12\/1213-523-Pantalon-Jean-Indigo-con-cinta-reflectiva.jpg","contentUrl":"https:\/\/unidadestudio.com\/impromex\/wp-content\/uploads\/2021\/12\/1213-523-Pantalon-Jean-Indigo-con-cinta-reflectiva.jpg","width":800,"height":800,"caption":"Pantal\u00f3n Jean | \u00cdndigo con cinta reflectiva"},{"@type":"BreadcrumbList","@id":"https:\/\/unidadestudio.com\/impromex\/tienda\/industrias\/servicios-corporativos-y-facility-management\/seguridad-privada-guardias-de-seguridad\/pantalon-jean-indigo-con-cinta-reflectiva\/#breadcrumb","itemListElement":[{"@type":"ListItem","position":1,"name":"Inicio","item":"https:\/\/unidadestudio.com\/impromex\/"},{"@type":"ListItem","position":2,"name":"Tienda","item":"https:\/\/unidadestudio.com\/impromex\/tienda\/"},{"@type":"ListItem","position":3,"name":"Ropa de Trabajo","item":"https:\/\/unidadestudio.com\/impromex\/categorias\/ropa-de-trabajo\/"},{"@type":"ListItem","position":4,"name":"Pantal\u00f3n Jean | \u00cdndigo con cinta reflectiva"}]},{"@type":"WebSite","@id":"https:\/\/unidadestudio.com\/impromex\/#website","url":"https:\/\/unidadestudio.com\/impromex\/","name":"Impromex","description":"","publisher":{"@id":"https:\/\/unidadestudio.com\/impromex\/#organization"},"potentialAction":[{"@type":"SearchAction","target":{"@type":"EntryPoint","urlTemplate":"https:\/\/unidadestudio.com\/impromex\/?s={search_term_string}"},"query-input":{"@type":"PropertyValueSpecification","valueRequired":true,"valueName":"search_term_string"}}],"inLanguage":"es"},{"@type":"Organization","@id":"https:\/\/unidadestudio.com\/impromex\/#organization","name":"Impromex","url":"https:\/\/unidadestudio.com\/impromex\/","logo":{"@type":"ImageObject","inLanguage":"es","@id":"https:\/\/unidadestudio.com\/impromex\/#\/schema\/logo\/image\/","url":"https:\/\/unidadestudio.com\/impromex\/wp-content\/uploads\/2025\/03\/Logo-Impromex-e1742592392883.png","contentUrl":"https:\/\/unidadestudio.com\/impromex\/wp-content\/uploads\/2025\/03\/Logo-Impromex-e1742592392883.png","width":500,"height":95,"caption":"Impromex"},"image":{"@id":"https:\/\/unidadestudio.com\/impromex\/#\/schema\/logo\/image\/"},"sameAs":["https:\/\/www.facebook.com\/impromex.ec","https:\/\/www.instagram.com\/impromex.ec\/"]}]}},"_links":{"self":[{"href":"https:\/\/unidadestudio.com\/impromex\/wp-json\/wp\/v2\/product\/259","targetHints":{"allow":["GET"]}}],"collection":[{"href":"https:\/\/unidadestudio.com\/impromex\/wp-json\/wp\/v2\/product"}],"about":[{"href":"https:\/\/unidadestudio.com\/impromex\/wp-json\/wp\/v2\/types\/product"}],"replies":[{"embeddable":true,"href":"https:\/\/unidadestudio.com\/impromex\/wp-json\/wp\/v2\/comments?post=259"}],"wp:featuredmedia":[{"embeddable":true,"href":"https:\/\/unidadestudio.com\/impromex\/wp-json\/wp\/v2\/media\/258"}],"wp:attachment":[{"href":"https:\/\/unidadestudio.com\/impromex\/wp-json\/wp\/v2\/media?parent=259"}],"wp:term":[{"taxonomy":"product_brand","embeddable":true,"href":"https:\/\/unidadestudio.com\/impromex\/wp-json\/wp\/v2\/product_brand?post=259"},{"taxonomy":"product_cat","embeddable":true,"href":"https:\/\/unidadestudio.com\/impromex\/wp-json\/wp\/v2\/product_cat?post=259"},{"taxonomy":"product_tag","embeddable":true,"href":"https:\/\/unidadestudio.com\/impromex\/wp-json\/wp\/v2\/product_tag?post=259"}],"curies":[{"name":"wp","href":"https:\/\/api.w.org\/{rel}","templated":true}]}}