{"id":9,"date":"2021-11-10T07:13:03","date_gmt":"2021-11-10T12:13:03","guid":{"rendered":"https:\/\/unidadestudio.com\/impromex\/aviso-legal\/"},"modified":"2025-03-29T17:21:53","modified_gmt":"2025-03-29T22:21:53","slug":"aviso-legal","status":"publish","type":"page","link":"https:\/\/unidadestudio.com\/impromex\/aviso-legal\/","title":{"rendered":"Aviso Legal"},"content":{"rendered":"<div class=\"fusion-fullwidth fullwidth-box fusion-builder-row-1 fusion-flex-container nonhundred-percent-fullwidth non-hundred-percent-height-scrolling\" style=\"--awb-border-radius-top-left:0px;--awb-border-radius-top-right:0px;--awb-border-radius-bottom-right:0px;--awb-border-radius-bottom-left:0px;--awb-background-color:#f6f6f6;--awb-flex-wrap:wrap;\" ><div class=\"fusion-builder-row fusion-row fusion-flex-align-items-flex-start fusion-flex-content-wrap\" style=\"max-width:1248px;margin-left: calc(-4% \/ 2 );margin-right: calc(-4% \/ 2 );\"><div class=\"fusion-layout-column fusion_builder_column fusion-builder-column-0 fusion_builder_column_1_1 1_1 fusion-flex-column\" style=\"--awb-bg-color:#f6f6f6;--awb-bg-color-hover:#f6f6f6;--awb-bg-size:cover;--awb-width-large:100%;--awb-margin-top-large:0px;--awb-spacing-right-large:1.92%;--awb-margin-bottom-large:0px;--awb-spacing-left-large:1.92%;--awb-width-medium:100%;--awb-spacing-right-medium:1.92%;--awb-spacing-left-medium:1.92%;--awb-width-small:100%;--awb-spacing-right-small:1.92%;--awb-spacing-left-small:1.92%;\"><div class=\"fusion-column-wrapper fusion-flex-justify-content-flex-start fusion-content-layout-column\"><nav class=\"fusion-breadcrumbs awb-yoast-breadcrumbs fusion-breadcrumbs-1\" style=\"--awb-margin-top:30px;--awb-margin-bottom:10px;--awb-alignment:left;--awb-breadcrumb-sep:&#039;\/&#039;;text-align:left;\" aria-label=\"Breadcrumb\"><ol class=\"awb-breadcrumb-list\"><\/ol><\/nav><div class=\"fusion-title title fusion-title-1 fusion-sep-none fusion-title-text fusion-title-size-one\" style=\"--awb-text-color:var(--awb-color8);--awb-margin-top:0px;--awb-margin-bottom:30px;--awb-font-size:22px;\"><h1 class=\"fusion-title-heading title-heading-left\" style=\"font-family:&quot;Manrope&quot;;font-style:normal;font-weight:700;margin:0;font-size:1em;text-transform:none;\">Aviso Legal<\/h1><\/div><\/div><\/div><div class=\"fusion-layout-column fusion_builder_column fusion-builder-column-1 fusion_builder_column_1_1 1_1 fusion-flex-column\" style=\"--awb-padding-top:40px;--awb-padding-right:30px;--awb-padding-bottom:40px;--awb-padding-left:30px;--awb-bg-color:var(--awb-color1);--awb-bg-color-hover:var(--awb-color1);--awb-bg-size:cover;--awb-width-large:100%;--awb-margin-top-large:0px;--awb-spacing-right-large:1.92%;--awb-margin-bottom-large:30px;--awb-spacing-left-large:1.92%;--awb-width-medium:100%;--awb-spacing-right-medium:1.92%;--awb-spacing-left-medium:1.92%;--awb-width-small:100%;--awb-spacing-right-small:1.92%;--awb-spacing-left-small:1.92%;\"><div class=\"fusion-column-wrapper fusion-flex-justify-content-flex-start fusion-content-layout-column\"><div class=\"fusion-text fusion-text-1\"><p><strong>Impromex C\u00eda. Ltda.<\/strong><\/p>\n<p><strong>RUC:<\/strong> 1791878094001<br \/>\n<strong>Direcci\u00f3n:<\/strong> De Los Pambiles N49-42 y De Los \u00c1ngeles, San Isidro del Inca, Quito, Ecuador.<br \/>\n<strong>Tel\u00e9fono:<\/strong> (02) 2249550<br \/>\n<strong>Correo electr\u00f3nico:<\/strong> <a>info@impromex.com.ec<\/a><\/p>\n<p><strong>Propiedad Intelectual<\/strong><br \/>\nTodos los contenidos del sitio web (textos, im\u00e1genes, gr\u00e1ficos, logotipos, botones, archivos de software, combinaciones de colores, y la estructura, selecci\u00f3n, ordenaci\u00f3n y presentaci\u00f3n de sus contenidos) son propiedad de Impromex C\u00eda. Ltda. y est\u00e1n protegidos por las leyes de propiedad intelectual e industrial. La reproducci\u00f3n, retransmisi\u00f3n, copia, cesi\u00f3n o redifusi\u00f3n, total o parcial, de la informaci\u00f3n contenida en esta p\u00e1gina web est\u00e1 estrictamente prohibida sin la autorizaci\u00f3n previa y por escrito de Impromex C\u00eda. Ltda. Esto incluye cualquier finalidad y cualquier medio utilizado para ello. Cualquier uso no autorizado de la informaci\u00f3n aqu\u00ed contenida ser\u00e1 considerado una violaci\u00f3n de los derechos de propiedad intelectual y estar\u00e1 sujeto a las acciones legales correspondientes.<\/p>\n<p><strong>Uso del Sitio Web<\/strong><br \/>\nEl acceso y uso de este sitio web es responsabilidad exclusiva de los usuarios. Los usuarios se comprometen a no utilizar este sitio web con fines ilegales o que puedan causar da\u00f1o a terceros o al propio sitio web.<\/p>\n<p><strong>Responsabilidad<\/strong><br \/>\nImpromex C\u00eda. Ltda. no se hace responsable de los da\u00f1os o perjuicios que pudieran derivarse de la interferencia, omisiones, interrupciones, virus inform\u00e1ticos, aver\u00edas telef\u00f3nicas o desconexiones en el funcionamiento operativo de este sistema electr\u00f3nico, motivadas por causas ajenas a la empresa, ni de los retrasos o bloqueos en el uso del presente sistema electr\u00f3nico causados por deficiencias o sobrecargas en las l\u00edneas telef\u00f3nicas, en el sistema de Internet o en otros sistemas electr\u00f3nicos.<\/p>\n<p><strong>Enlaces Externos<\/strong><br \/>\nEste sitio web puede contener enlaces a otros sitios web de terceros sobre los que Impromex C\u00eda. Ltda. no tiene control. Por lo tanto, Impromex C\u00eda. Ltda. no puede asumir responsabilidades por el contenido que pueda aparecer en p\u00e1ginas de terceros.<\/p>\n<\/div><\/div><\/div><\/div><\/div>\n","protected":false},"excerpt":{"rendered":"","protected":false},"author":1,"featured_media":0,"parent":0,"menu_order":2,"comment_status":"closed","ping_status":"closed","template":"100-width.php","meta":{"_joinchat":[],"footnotes":""},"class_list":["post-9","page","type-page","status-publish","hentry"],"yoast_head":"<!-- This site is optimized with the Yoast SEO plugin v27.4 - https:\/\/yoast.com\/product\/yoast-seo-wordpress\/ -->\n<title>Aviso Legal - Impromex<\/title>\n<meta name=\"robots\" content=\"index, follow, max-snippet:-1, max-image-preview:large, max-video-preview:-1\" \/>\n<link rel=\"canonical\" href=\"https:\/\/unidadestudio.com\/impromex\/aviso-legal\/\" \/>\n<meta property=\"og:locale\" content=\"es_ES\" \/>\n<meta property=\"og:type\" content=\"article\" \/>\n<meta property=\"og:title\" content=\"Aviso Legal - Impromex\" \/>\n<meta property=\"og:url\" content=\"https:\/\/unidadestudio.com\/impromex\/aviso-legal\/\" \/>\n<meta property=\"og:site_name\" content=\"Impromex\" \/>\n<meta property=\"article:publisher\" content=\"https:\/\/www.facebook.com\/impromex.ec\" \/>\n<meta property=\"article:modified_time\" content=\"2025-03-29T22:21:53+00:00\" \/>\n<meta name=\"twitter:card\" content=\"summary_large_image\" \/>\n<meta name=\"twitter:label1\" content=\"Tiempo de lectura\" \/>\n\t<meta name=\"twitter:data1\" content=\"2 minutos\" \/>\n<script type=\"application\/ld+json\" class=\"yoast-schema-graph\">{\"@context\":\"https:\\\/\\\/schema.org\",\"@graph\":[{\"@type\":\"WebPage\",\"@id\":\"https:\\\/\\\/unidadestudio.com\\\/impromex\\\/aviso-legal\\\/\",\"url\":\"https:\\\/\\\/unidadestudio.com\\\/impromex\\\/aviso-legal\\\/\",\"name\":\"Aviso Legal - Impromex\",\"isPartOf\":{\"@id\":\"https:\\\/\\\/unidadestudio.com\\\/impromex\\\/#website\"},\"datePublished\":\"2021-11-10T12:13:03+00:00\",\"dateModified\":\"2025-03-29T22:21:53+00:00\",\"breadcrumb\":{\"@id\":\"https:\\\/\\\/unidadestudio.com\\\/impromex\\\/aviso-legal\\\/#breadcrumb\"},\"inLanguage\":\"es\",\"potentialAction\":[{\"@type\":\"ReadAction\",\"target\":[\"https:\\\/\\\/unidadestudio.com\\\/impromex\\\/aviso-legal\\\/\"]}]},{\"@type\":\"BreadcrumbList\",\"@id\":\"https:\\\/\\\/unidadestudio.com\\\/impromex\\\/aviso-legal\\\/#breadcrumb\",\"itemListElement\":[{\"@type\":\"ListItem\",\"position\":1,\"name\":\"Inicio\",\"item\":\"https:\\\/\\\/unidadestudio.com\\\/impromex\\\/\"},{\"@type\":\"ListItem\",\"position\":2,\"name\":\"Aviso Legal\"}]},{\"@type\":\"WebSite\",\"@id\":\"https:\\\/\\\/unidadestudio.com\\\/impromex\\\/#website\",\"url\":\"https:\\\/\\\/unidadestudio.com\\\/impromex\\\/\",\"name\":\"Impromex\",\"description\":\"\",\"publisher\":{\"@id\":\"https:\\\/\\\/unidadestudio.com\\\/impromex\\\/#organization\"},\"potentialAction\":[{\"@type\":\"SearchAction\",\"target\":{\"@type\":\"EntryPoint\",\"urlTemplate\":\"https:\\\/\\\/unidadestudio.com\\\/impromex\\\/?s={search_term_string}\"},\"query-input\":{\"@type\":\"PropertyValueSpecification\",\"valueRequired\":true,\"valueName\":\"search_term_string\"}}],\"inLanguage\":\"es\"},{\"@type\":\"Organization\",\"@id\":\"https:\\\/\\\/unidadestudio.com\\\/impromex\\\/#organization\",\"name\":\"Impromex\",\"url\":\"https:\\\/\\\/unidadestudio.com\\\/impromex\\\/\",\"logo\":{\"@type\":\"ImageObject\",\"inLanguage\":\"es\",\"@id\":\"https:\\\/\\\/unidadestudio.com\\\/impromex\\\/#\\\/schema\\\/logo\\\/image\\\/\",\"url\":\"https:\\\/\\\/unidadestudio.com\\\/impromex\\\/wp-content\\\/uploads\\\/2025\\\/03\\\/Logo-Impromex-e1742592392883.png\",\"contentUrl\":\"https:\\\/\\\/unidadestudio.com\\\/impromex\\\/wp-content\\\/uploads\\\/2025\\\/03\\\/Logo-Impromex-e1742592392883.png\",\"width\":500,\"height\":95,\"caption\":\"Impromex\"},\"image\":{\"@id\":\"https:\\\/\\\/unidadestudio.com\\\/impromex\\\/#\\\/schema\\\/logo\\\/image\\\/\"},\"sameAs\":[\"https:\\\/\\\/www.facebook.com\\\/impromex.ec\",\"https:\\\/\\\/www.instagram.com\\\/impromex.ec\\\/\"]}]}<\/script>\n<!-- \/ Yoast SEO plugin. -->","yoast_head_json":{"title":"Aviso Legal - Impromex","robots":{"index":"index","follow":"follow","max-snippet":"max-snippet:-1","max-image-preview":"max-image-preview:large","max-video-preview":"max-video-preview:-1"},"canonical":"https:\/\/unidadestudio.com\/impromex\/aviso-legal\/","og_locale":"es_ES","og_type":"article","og_title":"Aviso Legal - Impromex","og_url":"https:\/\/unidadestudio.com\/impromex\/aviso-legal\/","og_site_name":"Impromex","article_publisher":"https:\/\/www.facebook.com\/impromex.ec","article_modified_time":"2025-03-29T22:21:53+00:00","twitter_card":"summary_large_image","twitter_misc":{"Tiempo de lectura":"2 minutos"},"schema":{"@context":"https:\/\/schema.org","@graph":[{"@type":"WebPage","@id":"https:\/\/unidadestudio.com\/impromex\/aviso-legal\/","url":"https:\/\/unidadestudio.com\/impromex\/aviso-legal\/","name":"Aviso Legal - Impromex","isPartOf":{"@id":"https:\/\/unidadestudio.com\/impromex\/#website"},"datePublished":"2021-11-10T12:13:03+00:00","dateModified":"2025-03-29T22:21:53+00:00","breadcrumb":{"@id":"https:\/\/unidadestudio.com\/impromex\/aviso-legal\/#breadcrumb"},"inLanguage":"es","potentialAction":[{"@type":"ReadAction","target":["https:\/\/unidadestudio.com\/impromex\/aviso-legal\/"]}]},{"@type":"BreadcrumbList","@id":"https:\/\/unidadestudio.com\/impromex\/aviso-legal\/#breadcrumb","itemListElement":[{"@type":"ListItem","position":1,"name":"Inicio","item":"https:\/\/unidadestudio.com\/impromex\/"},{"@type":"ListItem","position":2,"name":"Aviso Legal"}]},{"@type":"WebSite","@id":"https:\/\/unidadestudio.com\/impromex\/#website","url":"https:\/\/unidadestudio.com\/impromex\/","name":"Impromex","description":"","publisher":{"@id":"https:\/\/unidadestudio.com\/impromex\/#organization"},"potentialAction":[{"@type":"SearchAction","target":{"@type":"EntryPoint","urlTemplate":"https:\/\/unidadestudio.com\/impromex\/?s={search_term_string}"},"query-input":{"@type":"PropertyValueSpecification","valueRequired":true,"valueName":"search_term_string"}}],"inLanguage":"es"},{"@type":"Organization","@id":"https:\/\/unidadestudio.com\/impromex\/#organization","name":"Impromex","url":"https:\/\/unidadestudio.com\/impromex\/","logo":{"@type":"ImageObject","inLanguage":"es","@id":"https:\/\/unidadestudio.com\/impromex\/#\/schema\/logo\/image\/","url":"https:\/\/unidadestudio.com\/impromex\/wp-content\/uploads\/2025\/03\/Logo-Impromex-e1742592392883.png","contentUrl":"https:\/\/unidadestudio.com\/impromex\/wp-content\/uploads\/2025\/03\/Logo-Impromex-e1742592392883.png","width":500,"height":95,"caption":"Impromex"},"image":{"@id":"https:\/\/unidadestudio.com\/impromex\/#\/schema\/logo\/image\/"},"sameAs":["https:\/\/www.facebook.com\/impromex.ec","https:\/\/www.instagram.com\/impromex.ec\/"]}]}},"_links":{"self":[{"href":"https:\/\/unidadestudio.com\/impromex\/wp-json\/wp\/v2\/pages\/9","targetHints":{"allow":["GET"]}}],"collection":[{"href":"https:\/\/unidadestudio.com\/impromex\/wp-json\/wp\/v2\/pages"}],"about":[{"href":"https:\/\/unidadestudio.com\/impromex\/wp-json\/wp\/v2\/types\/page"}],"author":[{"embeddable":true,"href":"https:\/\/unidadestudio.com\/impromex\/wp-json\/wp\/v2\/users\/1"}],"replies":[{"embeddable":true,"href":"https:\/\/unidadestudio.com\/impromex\/wp-json\/wp\/v2\/comments?post=9"}],"version-history":[{"count":0,"href":"https:\/\/unidadestudio.com\/impromex\/wp-json\/wp\/v2\/pages\/9\/revisions"}],"wp:attachment":[{"href":"https:\/\/unidadestudio.com\/impromex\/wp-json\/wp\/v2\/media?parent=9"}],"curies":[{"name":"wp","href":"https:\/\/api.w.org\/{rel}","templated":true}]}}