{"id":37,"date":"2025-05-25T21:24:55","date_gmt":"2025-05-26T02:24:55","guid":{"rendered":"https:\/\/unidadestudio.com\/impromex\/?page_id=37"},"modified":"2025-07-09T07:39:06","modified_gmt":"2025-07-09T12:39:06","slug":"blog","status":"publish","type":"page","link":"https:\/\/unidadestudio.com\/impromex\/blog\/","title":{"rendered":"Blog"},"content":{"rendered":"<p><div class=\"fusion-fullwidth fullwidth-box fusion-builder-row-1 fusion-flex-container hundred-percent-fullwidth non-hundred-percent-height-scrolling\" style=\"--awb-border-radius-top-left:0px;--awb-border-radius-top-right:0px;--awb-border-radius-bottom-right:0px;--awb-border-radius-bottom-left:0px;--awb-padding-right:0px;--awb-padding-left:0px;--awb-flex-wrap:wrap;\" ><div class=\"fusion-builder-row fusion-row fusion-flex-align-items-flex-start fusion-flex-content-wrap\" style=\"width:104% !important;max-width:104% !important;margin-left: calc(-4% \/ 2 );margin-right: calc(-4% \/ 2 );\"><div class=\"fusion-layout-column fusion_builder_column fusion-builder-column-0 fusion_builder_column_1_1 1_1 fusion-flex-column fusion-flex-align-self-stretch\" style=\"--awb-bg-blend:overlay;--awb-bg-size:cover;--awb-width-large:100%;--awb-margin-top-large:0px;--awb-spacing-right-large:1.92%;--awb-margin-bottom-large:0px;--awb-spacing-left-large:1.92%;--awb-width-medium:100%;--awb-spacing-right-medium:1.92%;--awb-spacing-left-medium:1.92%;--awb-width-small:100%;--awb-spacing-right-small:1.92%;--awb-spacing-left-small:1.92%;\"><div class=\"fusion-column-wrapper fusion-flex-justify-content-center fusion-content-layout-column\"><div class=\"fusion-image-element \" style=\"--awb-caption-title-font-family:var(--h2_typography-font-family);--awb-caption-title-font-weight:var(--h2_typography-font-weight);--awb-caption-title-font-style:var(--h2_typography-font-style);--awb-caption-title-size:var(--h2_typography-font-size);--awb-caption-title-transform:var(--h2_typography-text-transform);--awb-caption-title-line-height:var(--h2_typography-line-height);--awb-caption-title-letter-spacing:var(--h2_typography-letter-spacing);\"><span class=\" fusion-imageframe imageframe-none imageframe-1 hover-type-none\"><img decoding=\"async\" width=\"1900\" height=\"350\" title=\"Impro Blog\" src=\"https:\/\/unidadestudio.com\/impromex\/wp-content\/uploads\/2025\/06\/Impro-Blog.webp\" alt class=\"img-responsive wp-image-3279\" srcset=\"https:\/\/unidadestudio.com\/impromex\/wp-content\/uploads\/2025\/06\/Impro-Blog-200x37.webp 200w, https:\/\/unidadestudio.com\/impromex\/wp-content\/uploads\/2025\/06\/Impro-Blog-300x55.webp 300w, https:\/\/unidadestudio.com\/impromex\/wp-content\/uploads\/2025\/06\/Impro-Blog-400x74.webp 400w, https:\/\/unidadestudio.com\/impromex\/wp-content\/uploads\/2025\/06\/Impro-Blog-600x111.webp 600w, https:\/\/unidadestudio.com\/impromex\/wp-content\/uploads\/2025\/06\/Impro-Blog-700x129.webp 700w, https:\/\/unidadestudio.com\/impromex\/wp-content\/uploads\/2025\/06\/Impro-Blog-768x141.webp 768w, https:\/\/unidadestudio.com\/impromex\/wp-content\/uploads\/2025\/06\/Impro-Blog-800x147.webp 800w, https:\/\/unidadestudio.com\/impromex\/wp-content\/uploads\/2025\/06\/Impro-Blog-1024x189.webp 1024w, https:\/\/unidadestudio.com\/impromex\/wp-content\/uploads\/2025\/06\/Impro-Blog-1200x221.webp 1200w, https:\/\/unidadestudio.com\/impromex\/wp-content\/uploads\/2025\/06\/Impro-Blog-1536x283.webp 1536w, https:\/\/unidadestudio.com\/impromex\/wp-content\/uploads\/2025\/06\/Impro-Blog.webp 1900w\" sizes=\"(max-width: 640px) 100vw, 1200px\" \/><\/span><\/div><\/div><\/div><\/div><\/div><div class=\"fusion-fullwidth fullwidth-box fusion-builder-row-2 fusion-flex-container has-pattern-background has-mask-background nonhundred-percent-fullwidth non-hundred-percent-height-scrolling\" style=\"--awb-border-radius-top-left:0px;--awb-border-radius-top-right:0px;--awb-border-radius-bottom-right:0px;--awb-border-radius-bottom-left:0px;--awb-flex-wrap:wrap;\" ><div class=\"fusion-builder-row fusion-row fusion-flex-align-items-flex-start fusion-flex-content-wrap\" style=\"max-width:1248px;margin-left: calc(-4% \/ 2 );margin-right: calc(-4% \/ 2 );\"><div class=\"fusion-layout-column fusion_builder_column fusion-builder-column-1 fusion_builder_column_1_1 1_1 fusion-flex-column\" style=\"--awb-bg-size:cover;--awb-width-large:100%;--awb-margin-top-large:50px;--awb-spacing-right-large:1.92%;--awb-margin-bottom-large:20px;--awb-spacing-left-large:1.92%;--awb-width-medium:100%;--awb-order-medium:0;--awb-spacing-right-medium:1.92%;--awb-spacing-left-medium:1.92%;--awb-width-small:100%;--awb-order-small:0;--awb-spacing-right-small:1.92%;--awb-spacing-left-small:1.92%;\"><div class=\"fusion-column-wrapper fusion-column-has-shadow fusion-flex-justify-content-flex-start fusion-content-layout-column\"><div class=\"fusion-title title fusion-title-1 fusion-sep-none fusion-title-center fusion-title-text fusion-title-size-one\" style=\"--awb-text-color:var(--awb-color4);--awb-font-size:50px;\"><h1 class=\"fusion-title-heading title-heading-center\" style=\"margin:0;font-size:1em;\">IMPROBLOG<\/h1><\/div><div class=\"fusion-text fusion-text-1\"><p style=\"text-align: center;\">Tu fuente confiable en seguridad industrial<\/p>\n<p>Descubre an\u00e1lisis, tendencias y soluciones sobre equipos de protecci\u00f3n personal (EPP), normativas, cultura preventiva y tecnolog\u00edas aplicadas a la seguridad industrial en Ecuador.<\/p>\n<p>Hecho por expertos, pensado para profesionales y l\u00edderes que toman decisiones con respaldo.<\/p>\n<\/div><div class=\"fusion-separator fusion-full-width-sep\" style=\"align-self: center;margin-left: auto;margin-right: auto;margin-top:30px;margin-bottom:50px;width:100%;\"><div class=\"fusion-separator-border sep-shadow\" style=\"--awb-height:20px;--awb-amount:20px;--awb-sep-color:var(--awb-color8);background:radial-gradient(ellipse at 50% -50% , var(--awb-color8) 0px, rgba(255, 255, 255, 0) 80%) repeat scroll 0 0 rgba(0, 0, 0, 0);background:-webkit-radial-gradient(ellipse at 50% -50% , var(--awb-color8) 0px, rgba(255, 255, 255, 0) 80%) repeat scroll 0 0 rgba(0, 0, 0, 0);background:-moz-radial-gradient(ellipse at 50% -50% , var(--awb-color8) 0px, rgba(255, 255, 255, 0) 80%) repeat scroll 0 0 rgba(0, 0, 0, 0);background:-o-radial-gradient(ellipse at 50% -50% , var(--awb-color8) 0px, rgba(255, 255, 255, 0) 80%) repeat scroll 0 0 rgba(0, 0, 0, 0);\"><\/div><\/div><div class=\"fusion-recent-posts fusion-recent-posts-1 avada-container layout-default layout-columns-3\"><section class=\"fusion-columns columns fusion-columns-3 columns-3\"><article class=\"post fusion-column column col col-lg-4 col-md-4 col-sm-4\"><div class=\"fusion-flexslider fusion-flexslider-loading flexslider flexslider-hover-type-none\"><ul class=\"slides\"><li><a href=\"https:\/\/unidadestudio.com\/impromex\/que-epp-necesito-segun-mi-industria\/\" aria-label=\"\u00bfQu\u00e9 EPP necesito seg\u00fan mi industria?\" class=\"hover-type-none\"><img decoding=\"async\" width=\"700\" height=\"441\" src=\"https:\/\/unidadestudio.com\/impromex\/wp-content\/uploads\/2025\/05\/Que-EPP-necesito-segun-mi-industria-700x441.webp\" class=\"attachment-recent-posts size-recent-posts\" alt=\"\" srcset=\"https:\/\/unidadestudio.com\/impromex\/wp-content\/uploads\/2025\/05\/Que-EPP-necesito-segun-mi-industria-320x202.webp 320w, https:\/\/unidadestudio.com\/impromex\/wp-content\/uploads\/2025\/05\/Que-EPP-necesito-segun-mi-industria-700x441.webp 700w\" sizes=\"(max-width: 700px) 100vw, 700px\" \/><\/a><\/li><\/ul><\/div><div class=\"recent-posts-content\"><span class=\"vcard\" style=\"display: none;\"><span class=\"fn\"><a href=\"https:\/\/unidadestudio.com\/impromex\/author\/santiago-chiluisa-rz\/\" title=\"Entradas de Impromex\" rel=\"author\">Impromex<\/a><\/span><\/span><span class=\"updated\" style=\"display:none;\">2025-07-06T18:27:10-05:00<\/span><h4 class=\"entry-title\"><a href=\"https:\/\/unidadestudio.com\/impromex\/que-epp-necesito-segun-mi-industria\/\">\u00bfQu\u00e9 EPP necesito seg\u00fan mi industria?<\/a><\/h4><p class=\"meta\"><span class=\"vcard\" style=\"display: none;\"><span class=\"fn\"><a href=\"https:\/\/unidadestudio.com\/impromex\/author\/santiago-chiluisa-rz\/\" title=\"Entradas de Impromex\" rel=\"author\">Impromex<\/a><\/span><\/span><span class=\"updated\" style=\"display:none;\">2025-07-06T18:27:10-05:00<\/span><span>mayo 25, 2025<\/span><span class=\"fusion-inline-sep\">|<\/span><span class=\"fusion-comments\"><a href=\"https:\/\/unidadestudio.com\/impromex\/que-epp-necesito-segun-mi-industria\/#respond\">0 Comentarios<\/a><\/span><\/p><p>\u00bfC\u00f3mo elegir el EPP adecuado para cada industria? Gu\u00eda pr\u00e1ctica 2025 Cada industria tiene sus propios riesgos. Pero muchas veces [...]<\/p><\/div><\/article><article class=\"post fusion-column column col col-lg-4 col-md-4 col-sm-4\"><div class=\"fusion-flexslider fusion-flexslider-loading flexslider flexslider-hover-type-none\"><ul class=\"slides\"><li><a href=\"https:\/\/unidadestudio.com\/impromex\/tecnologia-responsable-y-sostenible\/\" aria-label=\"Tecnolog\u00eda Responsable y Sostenible\" class=\"hover-type-none\"><img decoding=\"async\" width=\"700\" height=\"441\" src=\"https:\/\/unidadestudio.com\/impromex\/wp-content\/uploads\/2025\/05\/Tecnologia-Responsable-y-Sostenible-700x441.webp\" class=\"attachment-recent-posts size-recent-posts\" alt=\"\" srcset=\"https:\/\/unidadestudio.com\/impromex\/wp-content\/uploads\/2025\/05\/Tecnologia-Responsable-y-Sostenible-320x202.webp 320w, https:\/\/unidadestudio.com\/impromex\/wp-content\/uploads\/2025\/05\/Tecnologia-Responsable-y-Sostenible-700x441.webp 700w\" sizes=\"(max-width: 700px) 100vw, 700px\" \/><\/a><\/li><\/ul><\/div><div class=\"recent-posts-content\"><span class=\"vcard\" style=\"display: none;\"><span class=\"fn\"><a href=\"https:\/\/unidadestudio.com\/impromex\/author\/santiago-chiluisa-rz\/\" title=\"Entradas de Impromex\" rel=\"author\">Impromex<\/a><\/span><\/span><span class=\"updated\" style=\"display:none;\">2025-07-06T18:27:57-05:00<\/span><h4 class=\"entry-title\"><a href=\"https:\/\/unidadestudio.com\/impromex\/tecnologia-responsable-y-sostenible\/\">Tecnolog\u00eda Responsable y Sostenible<\/a><\/h4><p class=\"meta\"><span class=\"vcard\" style=\"display: none;\"><span class=\"fn\"><a href=\"https:\/\/unidadestudio.com\/impromex\/author\/santiago-chiluisa-rz\/\" title=\"Entradas de Impromex\" rel=\"author\">Impromex<\/a><\/span><\/span><span class=\"updated\" style=\"display:none;\">2025-07-06T18:27:57-05:00<\/span><span>mayo 25, 2025<\/span><span class=\"fusion-inline-sep\">|<\/span><span class=\"fusion-comments\"><a href=\"https:\/\/unidadestudio.com\/impromex\/tecnologia-responsable-y-sostenible\/#respond\">0 Comentarios<\/a><\/span><\/p><p>Calzado de seguridad con tecnolog\u00eda: \u00bfmoda o necesidad? En un mercado donde los equipos de protecci\u00f3n personal (EPP) evolucionan constantemente, [...]<\/p><\/div><\/article><article class=\"post fusion-column column col col-lg-4 col-md-4 col-sm-4\"><div class=\"fusion-flexslider fusion-flexslider-loading flexslider flexslider-hover-type-none\"><ul class=\"slides\"><li><a href=\"https:\/\/unidadestudio.com\/impromex\/cultura-de-sst-en-ecuador\/\" aria-label=\"Cultura de SST en Ecuador\" class=\"hover-type-none\"><img decoding=\"async\" width=\"700\" height=\"441\" src=\"https:\/\/unidadestudio.com\/impromex\/wp-content\/uploads\/2025\/05\/Cultura-de-SST-en-Ecuador-700x441.webp\" class=\"attachment-recent-posts size-recent-posts\" alt=\"\" srcset=\"https:\/\/unidadestudio.com\/impromex\/wp-content\/uploads\/2025\/05\/Cultura-de-SST-en-Ecuador-320x202.webp 320w, https:\/\/unidadestudio.com\/impromex\/wp-content\/uploads\/2025\/05\/Cultura-de-SST-en-Ecuador-700x441.webp 700w\" sizes=\"(max-width: 700px) 100vw, 700px\" \/><\/a><\/li><\/ul><\/div><div class=\"recent-posts-content\"><span class=\"vcard\" style=\"display: none;\"><span class=\"fn\"><a href=\"https:\/\/unidadestudio.com\/impromex\/author\/santiago-chiluisa-rz\/\" title=\"Entradas de Impromex\" rel=\"author\">Impromex<\/a><\/span><\/span><span class=\"updated\" style=\"display:none;\">2025-07-06T18:28:46-05:00<\/span><h4 class=\"entry-title\"><a href=\"https:\/\/unidadestudio.com\/impromex\/cultura-de-sst-en-ecuador\/\">Cultura de SST en Ecuador<\/a><\/h4><p class=\"meta\"><span class=\"vcard\" style=\"display: none;\"><span class=\"fn\"><a href=\"https:\/\/unidadestudio.com\/impromex\/author\/santiago-chiluisa-rz\/\" title=\"Entradas de Impromex\" rel=\"author\">Impromex<\/a><\/span><\/span><span class=\"updated\" style=\"display:none;\">2025-07-06T18:28:46-05:00<\/span><span>mayo 25, 2025<\/span><span class=\"fusion-inline-sep\">|<\/span><span class=\"fusion-comments\"><a href=\"https:\/\/unidadestudio.com\/impromex\/cultura-de-sst-en-ecuador\/#respond\">0 Comentarios<\/a><\/span><\/p><p>Cultura de Seguridad en Ecuador: \u00bfEstamos avanzando o todav\u00eda es un reto? La seguridad industrial no es solo un conjunto [...]<\/p><\/div><\/article><article class=\"post fusion-column column col col-lg-4 col-md-4 col-sm-4\"><div class=\"fusion-flexslider fusion-flexslider-loading flexslider flexslider-hover-type-none\"><ul class=\"slides\"><li><a href=\"https:\/\/unidadestudio.com\/impromex\/errores-comunes-en-seguridad-industrial\/\" aria-label=\"Errores comunes en seguridad industrial\" class=\"hover-type-none\"><img decoding=\"async\" width=\"700\" height=\"441\" src=\"https:\/\/unidadestudio.com\/impromex\/wp-content\/uploads\/2025\/05\/Errores-comunes-en-seguridad-industrial-700x441.webp\" class=\"attachment-recent-posts size-recent-posts\" alt=\"\" srcset=\"https:\/\/unidadestudio.com\/impromex\/wp-content\/uploads\/2025\/05\/Errores-comunes-en-seguridad-industrial-320x202.webp 320w, https:\/\/unidadestudio.com\/impromex\/wp-content\/uploads\/2025\/05\/Errores-comunes-en-seguridad-industrial-700x441.webp 700w\" sizes=\"(max-width: 700px) 100vw, 700px\" \/><\/a><\/li><\/ul><\/div><div class=\"recent-posts-content\"><span class=\"vcard\" style=\"display: none;\"><span class=\"fn\"><a href=\"https:\/\/unidadestudio.com\/impromex\/author\/santiago-chiluisa-rz\/\" title=\"Entradas de Impromex\" rel=\"author\">Impromex<\/a><\/span><\/span><span class=\"updated\" style=\"display:none;\">2025-07-06T18:29:33-05:00<\/span><h4 class=\"entry-title\"><a href=\"https:\/\/unidadestudio.com\/impromex\/errores-comunes-en-seguridad-industrial\/\">Errores comunes en seguridad industrial<\/a><\/h4><p class=\"meta\"><span class=\"vcard\" style=\"display: none;\"><span class=\"fn\"><a href=\"https:\/\/unidadestudio.com\/impromex\/author\/santiago-chiluisa-rz\/\" title=\"Entradas de Impromex\" rel=\"author\">Impromex<\/a><\/span><\/span><span class=\"updated\" style=\"display:none;\">2025-07-06T18:29:33-05:00<\/span><span>mayo 25, 2025<\/span><span class=\"fusion-inline-sep\">|<\/span><span class=\"fusion-comments\"><a href=\"https:\/\/unidadestudio.com\/impromex\/errores-comunes-en-seguridad-industrial\/#respond\">0 Comentarios<\/a><\/span><\/p><p>Errores comunes en seguridad industrial que podr\u00edan costarte una fortuna (y c\u00f3mo evitarlos). En seguridad industrial, lo que parece un [...]<\/p><\/div><\/article><article class=\"post fusion-column column col col-lg-4 col-md-4 col-sm-4\"><div class=\"fusion-flexslider fusion-flexslider-loading flexslider flexslider-hover-type-none\"><ul class=\"slides\"><li><a href=\"https:\/\/unidadestudio.com\/impromex\/calzado-de-seguridad-con-tecnologia\/\" aria-label=\"Calzado de Seguridad con Tecnolog\u00eda\" class=\"hover-type-none\"><img decoding=\"async\" width=\"700\" height=\"441\" src=\"https:\/\/unidadestudio.com\/impromex\/wp-content\/uploads\/2025\/05\/Calzado-de-Seguridad-con-Tecnologia-700x441.webp\" class=\"attachment-recent-posts size-recent-posts\" alt=\"\" srcset=\"https:\/\/unidadestudio.com\/impromex\/wp-content\/uploads\/2025\/05\/Calzado-de-Seguridad-con-Tecnologia-320x202.webp 320w, https:\/\/unidadestudio.com\/impromex\/wp-content\/uploads\/2025\/05\/Calzado-de-Seguridad-con-Tecnologia-700x441.webp 700w\" sizes=\"(max-width: 700px) 100vw, 700px\" \/><\/a><\/li><\/ul><\/div><div class=\"recent-posts-content\"><span class=\"vcard\" style=\"display: none;\"><span class=\"fn\"><a href=\"https:\/\/unidadestudio.com\/impromex\/author\/santiago-chiluisa-rz\/\" title=\"Entradas de Impromex\" rel=\"author\">Impromex<\/a><\/span><\/span><span class=\"updated\" style=\"display:none;\">2025-07-06T18:30:08-05:00<\/span><h4 class=\"entry-title\"><a href=\"https:\/\/unidadestudio.com\/impromex\/calzado-de-seguridad-con-tecnologia\/\">Calzado de Seguridad con Tecnolog\u00eda<\/a><\/h4><p class=\"meta\"><span class=\"vcard\" style=\"display: none;\"><span class=\"fn\"><a href=\"https:\/\/unidadestudio.com\/impromex\/author\/santiago-chiluisa-rz\/\" title=\"Entradas de Impromex\" rel=\"author\">Impromex<\/a><\/span><\/span><span class=\"updated\" style=\"display:none;\">2025-07-06T18:30:08-05:00<\/span><span>mayo 25, 2025<\/span><span class=\"fusion-inline-sep\">|<\/span><span class=\"fusion-comments\"><a href=\"https:\/\/unidadestudio.com\/impromex\/calzado-de-seguridad-con-tecnologia\/#respond\">0 Comentarios<\/a><\/span><\/p><p>Calzado de seguridad que est\u00e1 revolucionando Ecuador en 2025 Durante a\u00f1os, el calzado de seguridad fue visto como algo tosco, [...]<\/p><\/div><\/article><article class=\"post fusion-column column col col-lg-4 col-md-4 col-sm-4\"><div class=\"fusion-flexslider fusion-flexslider-loading flexslider flexslider-hover-type-none\"><ul class=\"slides\"><li><a href=\"https:\/\/unidadestudio.com\/impromex\/epp-de-ultima-generacion\/\" aria-label=\"EPP de \u00daltima Generaci\u00f3n\" class=\"hover-type-none\"><img decoding=\"async\" width=\"700\" height=\"441\" src=\"https:\/\/unidadestudio.com\/impromex\/wp-content\/uploads\/2025\/05\/EPP-de-Ultima-Generacion-700x441.webp\" class=\"attachment-recent-posts size-recent-posts\" alt=\"\" srcset=\"https:\/\/unidadestudio.com\/impromex\/wp-content\/uploads\/2025\/05\/EPP-de-Ultima-Generacion-320x202.webp 320w, https:\/\/unidadestudio.com\/impromex\/wp-content\/uploads\/2025\/05\/EPP-de-Ultima-Generacion-700x441.webp 700w\" sizes=\"(max-width: 700px) 100vw, 700px\" \/><\/a><\/li><\/ul><\/div><div class=\"recent-posts-content\"><span class=\"vcard\" style=\"display: none;\"><span class=\"fn\"><a href=\"https:\/\/unidadestudio.com\/impromex\/author\/santiago-chiluisa-rz\/\" title=\"Entradas de Impromex\" rel=\"author\">Impromex<\/a><\/span><\/span><span class=\"updated\" style=\"display:none;\">2025-07-06T18:32:03-05:00<\/span><h4 class=\"entry-title\"><a href=\"https:\/\/unidadestudio.com\/impromex\/epp-de-ultima-generacion\/\">EPP de \u00daltima Generaci\u00f3n<\/a><\/h4><p class=\"meta\"><span class=\"vcard\" style=\"display: none;\"><span class=\"fn\"><a href=\"https:\/\/unidadestudio.com\/impromex\/author\/santiago-chiluisa-rz\/\" title=\"Entradas de Impromex\" rel=\"author\">Impromex<\/a><\/span><\/span><span class=\"updated\" style=\"display:none;\">2025-07-06T18:32:03-05:00<\/span><span>mayo 25, 2025<\/span><span class=\"fusion-inline-sep\">|<\/span><span class=\"fusion-comments\"><a href=\"https:\/\/unidadestudio.com\/impromex\/epp-de-ultima-generacion\/#respond\">0 Comentarios<\/a><\/span><\/p><p>EPP de \u00daltima Generaci\u00f3n: Lo que ya est\u00e1 marcando la diferencia en Ecuador en 2025. En 2025, hablar de seguridad [...]<\/p><\/div><\/article><\/section><\/div><\/div><\/div><\/div><\/div><\/p>\n","protected":false},"excerpt":{"rendered":"","protected":false},"author":1,"featured_media":0,"parent":0,"menu_order":9,"comment_status":"closed","ping_status":"closed","template":"100-width.php","meta":{"_joinchat":[],"footnotes":""},"class_list":["post-37","page","type-page","status-publish","hentry"],"yoast_head":"<!-- This site is optimized with the Yoast SEO plugin v27.4 - https:\/\/yoast.com\/product\/yoast-seo-wordpress\/ -->\n<title>Blog - Impromex<\/title>\n<meta name=\"robots\" content=\"index, follow, max-snippet:-1, max-image-preview:large, max-video-preview:-1\" \/>\n<link rel=\"canonical\" href=\"https:\/\/unidadestudio.com\/impromex\/blog\/\" \/>\n<meta property=\"og:locale\" content=\"es_ES\" \/>\n<meta property=\"og:type\" content=\"article\" \/>\n<meta property=\"og:title\" content=\"Blog - Impromex\" \/>\n<meta property=\"og:url\" content=\"https:\/\/unidadestudio.com\/impromex\/blog\/\" \/>\n<meta property=\"og:site_name\" content=\"Impromex\" \/>\n<meta property=\"article:publisher\" content=\"https:\/\/www.facebook.com\/impromex.ec\" \/>\n<meta property=\"article:modified_time\" content=\"2025-07-09T12:39:06+00:00\" \/>\n<meta name=\"twitter:card\" content=\"summary_large_image\" \/>\n<meta name=\"twitter:label1\" content=\"Tiempo de lectura\" \/>\n\t<meta name=\"twitter:data1\" content=\"2 minutos\" \/>\n<script type=\"application\/ld+json\" class=\"yoast-schema-graph\">{\"@context\":\"https:\\\/\\\/schema.org\",\"@graph\":[{\"@type\":\"WebPage\",\"@id\":\"https:\\\/\\\/unidadestudio.com\\\/impromex\\\/blog\\\/\",\"url\":\"https:\\\/\\\/unidadestudio.com\\\/impromex\\\/blog\\\/\",\"name\":\"Blog - Impromex\",\"isPartOf\":{\"@id\":\"https:\\\/\\\/unidadestudio.com\\\/impromex\\\/#website\"},\"datePublished\":\"2025-05-26T02:24:55+00:00\",\"dateModified\":\"2025-07-09T12:39:06+00:00\",\"breadcrumb\":{\"@id\":\"https:\\\/\\\/unidadestudio.com\\\/impromex\\\/blog\\\/#breadcrumb\"},\"inLanguage\":\"es\",\"potentialAction\":[{\"@type\":\"ReadAction\",\"target\":[\"https:\\\/\\\/unidadestudio.com\\\/impromex\\\/blog\\\/\"]}]},{\"@type\":\"BreadcrumbList\",\"@id\":\"https:\\\/\\\/unidadestudio.com\\\/impromex\\\/blog\\\/#breadcrumb\",\"itemListElement\":[{\"@type\":\"ListItem\",\"position\":1,\"name\":\"Inicio\",\"item\":\"https:\\\/\\\/unidadestudio.com\\\/impromex\\\/\"},{\"@type\":\"ListItem\",\"position\":2,\"name\":\"Blog\"}]},{\"@type\":\"WebSite\",\"@id\":\"https:\\\/\\\/unidadestudio.com\\\/impromex\\\/#website\",\"url\":\"https:\\\/\\\/unidadestudio.com\\\/impromex\\\/\",\"name\":\"Impromex\",\"description\":\"\",\"publisher\":{\"@id\":\"https:\\\/\\\/unidadestudio.com\\\/impromex\\\/#organization\"},\"potentialAction\":[{\"@type\":\"SearchAction\",\"target\":{\"@type\":\"EntryPoint\",\"urlTemplate\":\"https:\\\/\\\/unidadestudio.com\\\/impromex\\\/?s={search_term_string}\"},\"query-input\":{\"@type\":\"PropertyValueSpecification\",\"valueRequired\":true,\"valueName\":\"search_term_string\"}}],\"inLanguage\":\"es\"},{\"@type\":\"Organization\",\"@id\":\"https:\\\/\\\/unidadestudio.com\\\/impromex\\\/#organization\",\"name\":\"Impromex\",\"url\":\"https:\\\/\\\/unidadestudio.com\\\/impromex\\\/\",\"logo\":{\"@type\":\"ImageObject\",\"inLanguage\":\"es\",\"@id\":\"https:\\\/\\\/unidadestudio.com\\\/impromex\\\/#\\\/schema\\\/logo\\\/image\\\/\",\"url\":\"https:\\\/\\\/unidadestudio.com\\\/impromex\\\/wp-content\\\/uploads\\\/2025\\\/03\\\/Logo-Impromex-e1742592392883.png\",\"contentUrl\":\"https:\\\/\\\/unidadestudio.com\\\/impromex\\\/wp-content\\\/uploads\\\/2025\\\/03\\\/Logo-Impromex-e1742592392883.png\",\"width\":500,\"height\":95,\"caption\":\"Impromex\"},\"image\":{\"@id\":\"https:\\\/\\\/unidadestudio.com\\\/impromex\\\/#\\\/schema\\\/logo\\\/image\\\/\"},\"sameAs\":[\"https:\\\/\\\/www.facebook.com\\\/impromex.ec\",\"https:\\\/\\\/www.instagram.com\\\/impromex.ec\\\/\"]}]}<\/script>\n<!-- \/ Yoast SEO plugin. -->","yoast_head_json":{"title":"Blog - Impromex","robots":{"index":"index","follow":"follow","max-snippet":"max-snippet:-1","max-image-preview":"max-image-preview:large","max-video-preview":"max-video-preview:-1"},"canonical":"https:\/\/unidadestudio.com\/impromex\/blog\/","og_locale":"es_ES","og_type":"article","og_title":"Blog - Impromex","og_url":"https:\/\/unidadestudio.com\/impromex\/blog\/","og_site_name":"Impromex","article_publisher":"https:\/\/www.facebook.com\/impromex.ec","article_modified_time":"2025-07-09T12:39:06+00:00","twitter_card":"summary_large_image","twitter_misc":{"Tiempo de lectura":"2 minutos"},"schema":{"@context":"https:\/\/schema.org","@graph":[{"@type":"WebPage","@id":"https:\/\/unidadestudio.com\/impromex\/blog\/","url":"https:\/\/unidadestudio.com\/impromex\/blog\/","name":"Blog - Impromex","isPartOf":{"@id":"https:\/\/unidadestudio.com\/impromex\/#website"},"datePublished":"2025-05-26T02:24:55+00:00","dateModified":"2025-07-09T12:39:06+00:00","breadcrumb":{"@id":"https:\/\/unidadestudio.com\/impromex\/blog\/#breadcrumb"},"inLanguage":"es","potentialAction":[{"@type":"ReadAction","target":["https:\/\/unidadestudio.com\/impromex\/blog\/"]}]},{"@type":"BreadcrumbList","@id":"https:\/\/unidadestudio.com\/impromex\/blog\/#breadcrumb","itemListElement":[{"@type":"ListItem","position":1,"name":"Inicio","item":"https:\/\/unidadestudio.com\/impromex\/"},{"@type":"ListItem","position":2,"name":"Blog"}]},{"@type":"WebSite","@id":"https:\/\/unidadestudio.com\/impromex\/#website","url":"https:\/\/unidadestudio.com\/impromex\/","name":"Impromex","description":"","publisher":{"@id":"https:\/\/unidadestudio.com\/impromex\/#organization"},"potentialAction":[{"@type":"SearchAction","target":{"@type":"EntryPoint","urlTemplate":"https:\/\/unidadestudio.com\/impromex\/?s={search_term_string}"},"query-input":{"@type":"PropertyValueSpecification","valueRequired":true,"valueName":"search_term_string"}}],"inLanguage":"es"},{"@type":"Organization","@id":"https:\/\/unidadestudio.com\/impromex\/#organization","name":"Impromex","url":"https:\/\/unidadestudio.com\/impromex\/","logo":{"@type":"ImageObject","inLanguage":"es","@id":"https:\/\/unidadestudio.com\/impromex\/#\/schema\/logo\/image\/","url":"https:\/\/unidadestudio.com\/impromex\/wp-content\/uploads\/2025\/03\/Logo-Impromex-e1742592392883.png","contentUrl":"https:\/\/unidadestudio.com\/impromex\/wp-content\/uploads\/2025\/03\/Logo-Impromex-e1742592392883.png","width":500,"height":95,"caption":"Impromex"},"image":{"@id":"https:\/\/unidadestudio.com\/impromex\/#\/schema\/logo\/image\/"},"sameAs":["https:\/\/www.facebook.com\/impromex.ec","https:\/\/www.instagram.com\/impromex.ec\/"]}]}},"_links":{"self":[{"href":"https:\/\/unidadestudio.com\/impromex\/wp-json\/wp\/v2\/pages\/37","targetHints":{"allow":["GET"]}}],"collection":[{"href":"https:\/\/unidadestudio.com\/impromex\/wp-json\/wp\/v2\/pages"}],"about":[{"href":"https:\/\/unidadestudio.com\/impromex\/wp-json\/wp\/v2\/types\/page"}],"author":[{"embeddable":true,"href":"https:\/\/unidadestudio.com\/impromex\/wp-json\/wp\/v2\/users\/1"}],"replies":[{"embeddable":true,"href":"https:\/\/unidadestudio.com\/impromex\/wp-json\/wp\/v2\/comments?post=37"}],"version-history":[{"count":12,"href":"https:\/\/unidadestudio.com\/impromex\/wp-json\/wp\/v2\/pages\/37\/revisions"}],"predecessor-version":[{"id":3470,"href":"https:\/\/unidadestudio.com\/impromex\/wp-json\/wp\/v2\/pages\/37\/revisions\/3470"}],"wp:attachment":[{"href":"https:\/\/unidadestudio.com\/impromex\/wp-json\/wp\/v2\/media?parent=37"}],"curies":[{"name":"wp","href":"https:\/\/api.w.org\/{rel}","templated":true}]}}