{"id":15,"date":"2021-11-10T07:13:03","date_gmt":"2021-11-10T12:13:03","guid":{"rendered":"https:\/\/unidadestudio.com\/impromex\/nosotros\/"},"modified":"2025-07-09T07:31:42","modified_gmt":"2025-07-09T12:31:42","slug":"sobre-nosotros","status":"publish","type":"page","link":"https:\/\/unidadestudio.com\/impromex\/sobre-nosotros\/","title":{"rendered":"Sobre nosotros"},"content":{"rendered":"<p><div class=\"fusion-fullwidth fullwidth-box fusion-builder-row-1 fusion-flex-container hundred-percent-fullwidth non-hundred-percent-height-scrolling\" style=\"--awb-border-radius-top-left:0px;--awb-border-radius-top-right:0px;--awb-border-radius-bottom-right:0px;--awb-border-radius-bottom-left:0px;--awb-padding-top:0px;--awb-padding-right:0px;--awb-padding-bottom:0px;--awb-padding-left:0px;--awb-margin-top:0px;--awb-margin-bottom:0px;--awb-flex-wrap:wrap;\" ><div class=\"fusion-builder-row fusion-row fusion-flex-align-items-flex-start fusion-flex-content-wrap\" style=\"width:104% !important;max-width:104% !important;margin-left: calc(-4% \/ 2 );margin-right: calc(-4% \/ 2 );\"><div class=\"fusion-layout-column fusion_builder_column fusion-builder-column-0 fusion_builder_column_1_1 1_1 fusion-flex-column fusion-flex-align-self-stretch\" style=\"--awb-bg-blend:overlay;--awb-bg-size:cover;--awb-width-large:100%;--awb-margin-top-large:0px;--awb-spacing-right-large:1.92%;--awb-margin-bottom-large:0px;--awb-spacing-left-large:1.92%;--awb-width-medium:100%;--awb-spacing-right-medium:1.92%;--awb-spacing-left-medium:1.92%;--awb-width-small:100%;--awb-spacing-right-small:1.92%;--awb-spacing-left-small:1.92%;\"><div class=\"fusion-column-wrapper fusion-flex-justify-content-center fusion-content-layout-column\"><div class=\"fusion-image-element \" style=\"--awb-max-width:100%;--awb-caption-title-font-family:var(--h2_typography-font-family);--awb-caption-title-font-weight:var(--h2_typography-font-weight);--awb-caption-title-font-style:var(--h2_typography-font-style);--awb-caption-title-size:var(--h2_typography-font-size);--awb-caption-title-transform:var(--h2_typography-text-transform);--awb-caption-title-line-height:var(--h2_typography-line-height);--awb-caption-title-letter-spacing:var(--h2_typography-letter-spacing);\"><span class=\" fusion-imageframe imageframe-none imageframe-1 hover-type-none\"><img decoding=\"async\" width=\"1900\" height=\"350\" title=\"Nosotros\" src=\"https:\/\/unidadestudio.com\/impromex\/wp-content\/uploads\/2025\/06\/Nosotros.webp\" alt class=\"img-responsive wp-image-3281\" srcset=\"https:\/\/unidadestudio.com\/impromex\/wp-content\/uploads\/2025\/06\/Nosotros-200x37.webp 200w, https:\/\/unidadestudio.com\/impromex\/wp-content\/uploads\/2025\/06\/Nosotros-300x55.webp 300w, https:\/\/unidadestudio.com\/impromex\/wp-content\/uploads\/2025\/06\/Nosotros-400x74.webp 400w, https:\/\/unidadestudio.com\/impromex\/wp-content\/uploads\/2025\/06\/Nosotros-600x111.webp 600w, https:\/\/unidadestudio.com\/impromex\/wp-content\/uploads\/2025\/06\/Nosotros-700x129.webp 700w, https:\/\/unidadestudio.com\/impromex\/wp-content\/uploads\/2025\/06\/Nosotros-768x141.webp 768w, https:\/\/unidadestudio.com\/impromex\/wp-content\/uploads\/2025\/06\/Nosotros-800x147.webp 800w, https:\/\/unidadestudio.com\/impromex\/wp-content\/uploads\/2025\/06\/Nosotros-1024x189.webp 1024w, https:\/\/unidadestudio.com\/impromex\/wp-content\/uploads\/2025\/06\/Nosotros-1200x221.webp 1200w, https:\/\/unidadestudio.com\/impromex\/wp-content\/uploads\/2025\/06\/Nosotros-1536x283.webp 1536w, https:\/\/unidadestudio.com\/impromex\/wp-content\/uploads\/2025\/06\/Nosotros.webp 1900w\" sizes=\"(max-width: 640px) 100vw, 1200px\" \/><\/span><\/div><\/div><\/div><\/div><\/div><div class=\"fusion-fullwidth fullwidth-box fusion-builder-row-2 fusion-flex-container nonhundred-percent-fullwidth non-hundred-percent-height-scrolling\" style=\"--awb-border-radius-top-left:0px;--awb-border-radius-top-right:0px;--awb-border-radius-bottom-right:0px;--awb-border-radius-bottom-left:0px;--awb-flex-wrap:wrap;\" ><div class=\"fusion-builder-row fusion-row fusion-flex-align-items-flex-start fusion-flex-content-wrap\" style=\"max-width:1248px;margin-left: calc(-4% \/ 2 );margin-right: calc(-4% \/ 2 );\"><div class=\"fusion-layout-column fusion_builder_column fusion-builder-column-1 fusion_builder_column_1_1 1_1 fusion-flex-column\" style=\"--awb-bg-blend:overlay;--awb-bg-size:cover;--awb-width-large:100%;--awb-margin-top-large:0px;--awb-spacing-right-large:1.92%;--awb-margin-bottom-large:0px;--awb-spacing-left-large:1.92%;--awb-width-medium:100%;--awb-spacing-right-medium:1.92%;--awb-spacing-left-medium:1.92%;--awb-width-small:100%;--awb-spacing-right-small:1.92%;--awb-spacing-left-small:1.92%;\"><div class=\"fusion-column-wrapper fusion-flex-justify-content-flex-start fusion-content-layout-column\"><div class=\"fusion-title title fusion-title-1 fusion-sep-none fusion-title-center fusion-title-text fusion-title-size-three\" style=\"--awb-margin-top:60px;\"><h3 class=\"fusion-title-heading title-heading-center\" style=\"font-family:&quot;Poppins&quot;;font-style:normal;font-weight:600;margin:0;\"><p style=\"text-align: center;\">IMPROMEX CIA. LTDA.<\/p><\/h3><\/div><div class=\"fusion-text fusion-text-1\" style=\"--awb-margin-top:50px;\"><p style=\"text-align: center;\">Desde hace m\u00e1s de 20 a\u00f1os hemos protegido a las personas y sus empresas con equipos de protecci\u00f3n personal de primera calidad, cambiado la percepci\u00f3n de la seguridad en el trabajo.<\/p>\n<p style=\"text-align: center;\">Somos importadores directos y proveedores de equipos de seguridad industrial, representando a f\u00e1bricas internacionales que cumplen con los m\u00e1s altos est\u00e1ndares.<\/p>\n<p style=\"text-align: center;\">Trabajamos con especialistas como Marluvas y Bompel, que se dedican al calzado de seguridad. Tambi\u00e9n colaboramos estrechamente con Libus, quienes se enfocan en la protecci\u00f3n craneana, visual y respiratoria. Confiamos en Delta Plus para suministrar equipos de altura, sujeci\u00f3n e izaje de carga, as\u00ed como protecci\u00f3n respiratoria, visual y facial. Para overoles de calidad, contamos con la marca Ultitec. Adem\u00e1s, ofrecemos una amplia variedad de guantes de nitrilo, l\u00e1tex y poliuretano proporcionados por Plux. Por \u00faltimo, para trabajos con absorbentes industriales, confiamos en la confiabilidad de CEP.<\/p>\n<p style=\"text-align: center;\">Con Impromex, no solo obtendr\u00e1s los mejores equipos de protecci\u00f3n personal, sino que tambi\u00e9n recibir\u00e1s un servicio excepcional por parte de nuestro equipo altamente capacitado, quienes te brindar\u00e1n asesor\u00edas, soporte t\u00e9cnico y charlas informativas.<\/p>\n<\/div><div class=\"fusion-builder-row fusion-builder-row-inner fusion-row fusion-flex-align-items-flex-start fusion-flex-content-wrap\" style=\"width:104% !important;max-width:104% !important;margin-left: calc(-4% \/ 2 );margin-right: calc(-4% \/ 2 );\"><div class=\"fusion-layout-column fusion_builder_column_inner fusion-builder-nested-column-0 fusion_builder_column_inner_2_5 2_5 fusion-flex-column fusion-flex-align-self-flex-start\" style=\"--awb-bg-size:cover;--awb-width-large:40%;--awb-margin-top-large:0px;--awb-spacing-right-large:4.8%;--awb-margin-bottom-large:20px;--awb-spacing-left-large:4.8%;--awb-width-medium:40%;--awb-order-medium:0;--awb-spacing-right-medium:4.8%;--awb-spacing-left-medium:4.8%;--awb-width-small:100%;--awb-order-small:0;--awb-spacing-right-small:1.92%;--awb-spacing-left-small:1.92%;\"><div class=\"fusion-column-wrapper fusion-column-has-shadow fusion-flex-justify-content-space-evenly fusion-content-layout-column\"><div class=\"fusion-image-element \" style=\"--awb-caption-title-font-family:var(--h2_typography-font-family);--awb-caption-title-font-weight:var(--h2_typography-font-weight);--awb-caption-title-font-style:var(--h2_typography-font-style);--awb-caption-title-size:var(--h2_typography-font-size);--awb-caption-title-transform:var(--h2_typography-text-transform);--awb-caption-title-line-height:var(--h2_typography-line-height);--awb-caption-title-letter-spacing:var(--h2_typography-letter-spacing);\"><span class=\" fusion-imageframe imageframe-none imageframe-2 hover-type-none\"><img decoding=\"async\" width=\"870\" height=\"898\" title=\"f1\" src=\"https:\/\/unidadestudio.com\/impromex\/wp-content\/uploads\/2025\/03\/f1.webp\" alt class=\"img-responsive wp-image-1781\" srcset=\"https:\/\/unidadestudio.com\/impromex\/wp-content\/uploads\/2025\/03\/f1-200x206.webp 200w, https:\/\/unidadestudio.com\/impromex\/wp-content\/uploads\/2025\/03\/f1-291x300.webp 291w, https:\/\/unidadestudio.com\/impromex\/wp-content\/uploads\/2025\/03\/f1-400x413.webp 400w, https:\/\/unidadestudio.com\/impromex\/wp-content\/uploads\/2025\/03\/f1-600x619.webp 600w, https:\/\/unidadestudio.com\/impromex\/wp-content\/uploads\/2025\/03\/f1-700x723.webp 700w, https:\/\/unidadestudio.com\/impromex\/wp-content\/uploads\/2025\/03\/f1-768x793.webp 768w, https:\/\/unidadestudio.com\/impromex\/wp-content\/uploads\/2025\/03\/f1-800x826.webp 800w, https:\/\/unidadestudio.com\/impromex\/wp-content\/uploads\/2025\/03\/f1.webp 870w\" sizes=\"(max-width: 640px) 100vw, 600px\" \/><\/span><\/div><\/div><\/div><div class=\"fusion-layout-column fusion_builder_column_inner fusion-builder-nested-column-1 fusion_builder_column_inner_1_5 1_5 fusion-flex-column fusion-flex-align-self-stretch\" style=\"--awb-bg-size:cover;--awb-width-large:20%;--awb-margin-top-large:0px;--awb-spacing-right-large:9.6%;--awb-margin-bottom-large:20px;--awb-spacing-left-large:9.6%;--awb-width-medium:20%;--awb-order-medium:0;--awb-spacing-right-medium:9.6%;--awb-spacing-left-medium:9.6%;--awb-width-small:100%;--awb-order-small:0;--awb-spacing-right-small:1.92%;--awb-spacing-left-small:1.92%;\"><div class=\"fusion-column-wrapper fusion-column-has-shadow fusion-flex-justify-content-space-evenly fusion-content-layout-column\"><div class=\"fusion-title title fusion-title-2 fusion-sep-none fusion-title-center fusion-title-text fusion-title-size-one\" style=\"--awb-text-color:var(--awb-color5);--awb-font-size:28PX;\"><h1 class=\"fusion-title-heading title-heading-center\" style=\"font-family:&quot;Poppins&quot;;font-style:normal;font-weight:600;margin:0;font-size:1em;\">MISI\u00d3N<\/h1><\/div><div class=\"fusion-title title fusion-title-3 fusion-sep-none fusion-title-center fusion-title-text fusion-title-size-one\" style=\"--awb-text-color:var(--awb-color5);--awb-font-size:28PX;\"><h1 class=\"fusion-title-heading title-heading-center\" style=\"font-family:&quot;Poppins&quot;;font-style:normal;font-weight:600;margin:0;font-size:1em;\">VISI\u00d3N<\/h1><\/div><\/div><\/div><div class=\"fusion-layout-column fusion_builder_column_inner fusion-builder-nested-column-2 fusion_builder_column_inner_2_5 2_5 fusion-flex-column fusion-flex-align-self-stretch\" style=\"--awb-bg-size:cover;--awb-width-large:40%;--awb-margin-top-large:0px;--awb-spacing-right-large:4.8%;--awb-margin-bottom-large:20px;--awb-spacing-left-large:4.8%;--awb-width-medium:40%;--awb-order-medium:0;--awb-spacing-right-medium:4.8%;--awb-spacing-left-medium:4.8%;--awb-width-small:100%;--awb-order-small:0;--awb-spacing-right-small:1.92%;--awb-spacing-left-small:1.92%;\"><div class=\"fusion-column-wrapper fusion-column-has-shadow fusion-flex-justify-content-space-around fusion-content-layout-column\"><div class=\"fusion-text fusion-text-2 fusion-text-no-margin\" style=\"--awb-font-size:17px;--awb-line-height:1.2;--awb-letter-spacing:var(--awb-typography4-letter-spacing);--awb-text-color:var(--awb-color1);--awb-margin-bottom:30px;--awb-text-font-family:&quot;Roboto&quot;;--awb-text-font-style:normal;--awb-text-font-weight:400;\"><div style=\"background-color: #278853; border-bottom-left-radius: 10px; border-bottom-right-radius: 10px; border-top-left-radius: 10px; border-top-right-radius: 10px; padding: 22px;\">Somos excelencia y empat\u00eda, apasionados por nuestros clientes y colaboradores, creciendo junto a los sectores productivos.<\/div>\n<\/div><div class=\"fusion-text fusion-text-3\" style=\"--awb-font-size:17px;--awb-line-height:1.2;--awb-letter-spacing:var(--awb-typography4-letter-spacing);--awb-text-color:var(--awb-color1);--awb-text-font-family:&quot;Roboto&quot;;--awb-text-font-style:normal;--awb-text-font-weight:400;\"><div style=\"background-color: #278853; border-bottom-left-radius: 10px; border-bottom-right-radius: 10px; border-top-left-radius: 10px; border-top-right-radius: 10px; padding: 22px;\">Seremos proveedores por excelencia de nuestros clientes mediante la ampliaci\u00f3n, producci\u00f3n y especializaci\u00f3n del portafolio de productos.<\/div>\n<\/div><\/div><\/div><\/div><div class=\"fusion-image-element \" style=\"--awb-caption-title-font-family:var(--h2_typography-font-family);--awb-caption-title-font-weight:var(--h2_typography-font-weight);--awb-caption-title-font-style:var(--h2_typography-font-style);--awb-caption-title-size:var(--h2_typography-font-size);--awb-caption-title-transform:var(--h2_typography-text-transform);--awb-caption-title-line-height:var(--h2_typography-line-height);--awb-caption-title-letter-spacing:var(--h2_typography-letter-spacing);\"><span class=\" fusion-imageframe imageframe-none imageframe-3 hover-type-none\"><img decoding=\"async\" width=\"1900\" height=\"722\" title=\"f3\" src=\"https:\/\/unidadestudio.com\/impromex\/wp-content\/uploads\/2025\/03\/f3.webp\" alt class=\"img-responsive wp-image-1785\" srcset=\"https:\/\/unidadestudio.com\/impromex\/wp-content\/uploads\/2025\/03\/f3-200x76.webp 200w, https:\/\/unidadestudio.com\/impromex\/wp-content\/uploads\/2025\/03\/f3-300x114.webp 300w, https:\/\/unidadestudio.com\/impromex\/wp-content\/uploads\/2025\/03\/f3-400x152.webp 400w, https:\/\/unidadestudio.com\/impromex\/wp-content\/uploads\/2025\/03\/f3-600x228.webp 600w, https:\/\/unidadestudio.com\/impromex\/wp-content\/uploads\/2025\/03\/f3-700x266.webp 700w, https:\/\/unidadestudio.com\/impromex\/wp-content\/uploads\/2025\/03\/f3-768x292.webp 768w, https:\/\/unidadestudio.com\/impromex\/wp-content\/uploads\/2025\/03\/f3-800x304.webp 800w, https:\/\/unidadestudio.com\/impromex\/wp-content\/uploads\/2025\/03\/f3-1024x389.webp 1024w, https:\/\/unidadestudio.com\/impromex\/wp-content\/uploads\/2025\/03\/f3-1200x456.webp 1200w, https:\/\/unidadestudio.com\/impromex\/wp-content\/uploads\/2025\/03\/f3-1536x584.webp 1536w, https:\/\/unidadestudio.com\/impromex\/wp-content\/uploads\/2025\/03\/f3.webp 1900w\" sizes=\"(max-width: 640px) 100vw, 1900px\" \/><\/span><\/div><div class=\"fusion-image-element \" style=\"text-align:center;--awb-margin-top:60px;--awb-margin-bottom:60px;--awb-max-width:500px;--awb-caption-title-font-family:var(--h2_typography-font-family);--awb-caption-title-font-weight:var(--h2_typography-font-weight);--awb-caption-title-font-style:var(--h2_typography-font-style);--awb-caption-title-size:var(--h2_typography-font-size);--awb-caption-title-transform:var(--h2_typography-text-transform);--awb-caption-title-line-height:var(--h2_typography-line-height);--awb-caption-title-letter-spacing:var(--h2_typography-letter-spacing);\"><span class=\" fusion-imageframe imageframe-none imageframe-4 hover-type-none\"><img decoding=\"async\" width=\"1635\" height=\"442\" title=\"f4\" src=\"https:\/\/unidadestudio.com\/impromex\/wp-content\/uploads\/2025\/03\/f4.webp\" alt class=\"img-responsive wp-image-1786\" srcset=\"https:\/\/unidadestudio.com\/impromex\/wp-content\/uploads\/2025\/03\/f4-200x54.webp 200w, https:\/\/unidadestudio.com\/impromex\/wp-content\/uploads\/2025\/03\/f4-300x81.webp 300w, https:\/\/unidadestudio.com\/impromex\/wp-content\/uploads\/2025\/03\/f4-400x108.webp 400w, https:\/\/unidadestudio.com\/impromex\/wp-content\/uploads\/2025\/03\/f4-600x162.webp 600w, https:\/\/unidadestudio.com\/impromex\/wp-content\/uploads\/2025\/03\/f4-700x189.webp 700w, https:\/\/unidadestudio.com\/impromex\/wp-content\/uploads\/2025\/03\/f4-768x208.webp 768w, https:\/\/unidadestudio.com\/impromex\/wp-content\/uploads\/2025\/03\/f4-800x216.webp 800w, https:\/\/unidadestudio.com\/impromex\/wp-content\/uploads\/2025\/03\/f4-1024x277.webp 1024w, https:\/\/unidadestudio.com\/impromex\/wp-content\/uploads\/2025\/03\/f4-1200x324.webp 1200w, https:\/\/unidadestudio.com\/impromex\/wp-content\/uploads\/2025\/03\/f4-1536x415.webp 1536w, https:\/\/unidadestudio.com\/impromex\/wp-content\/uploads\/2025\/03\/f4.webp 1635w\" sizes=\"(max-width: 640px) 100vw, 1635px\" \/><\/span><\/div><div class=\"fusion-video fusion-youtube\" style=\"--awb-max-width:1120px;--awb-max-height:630px;--awb-align-self:center;--awb-width:100%;--awb-margin-bottom:60px;\"><div class=\"video-shortcode\"><div class=\"fluid-width-video-wrapper\" style=\"padding-top:56.25%;\" ><iframe title=\"YouTube video player 1\" src=\"https:\/\/www.youtube.com\/embed\/jXKWMudi9d0?wmode=transparent&autoplay=0&oida=1\" width=\"1120\" height=\"630\" allowfullscreen allow=\"autoplay; clipboard-write; encrypted-media; gyroscope; picture-in-picture;\"><\/iframe><\/div><\/div><\/div><\/div><\/div><\/div><\/div><\/p>\n","protected":false},"excerpt":{"rendered":"","protected":false},"author":1,"featured_media":0,"parent":0,"menu_order":4,"comment_status":"closed","ping_status":"closed","template":"100-width.php","meta":{"_joinchat":[],"footnotes":""},"class_list":["post-15","page","type-page","status-publish","hentry"],"yoast_head":"<!-- This site is optimized with the Yoast SEO plugin v27.4 - https:\/\/yoast.com\/product\/yoast-seo-wordpress\/ -->\n<title>Sobre nosotros - Impromex<\/title>\n<meta name=\"robots\" content=\"index, follow, max-snippet:-1, max-image-preview:large, max-video-preview:-1\" \/>\n<link rel=\"canonical\" href=\"https:\/\/unidadestudio.com\/impromex\/sobre-nosotros\/\" \/>\n<meta property=\"og:locale\" content=\"es_ES\" \/>\n<meta property=\"og:type\" content=\"article\" \/>\n<meta property=\"og:title\" content=\"Sobre nosotros - Impromex\" \/>\n<meta property=\"og:url\" content=\"https:\/\/unidadestudio.com\/impromex\/sobre-nosotros\/\" \/>\n<meta property=\"og:site_name\" content=\"Impromex\" \/>\n<meta property=\"article:publisher\" content=\"https:\/\/www.facebook.com\/impromex.ec\" \/>\n<meta property=\"article:modified_time\" content=\"2025-07-09T12:31:42+00:00\" \/>\n<meta name=\"twitter:card\" content=\"summary_large_image\" \/>\n<meta name=\"twitter:label1\" content=\"Tiempo de lectura\" \/>\n\t<meta name=\"twitter:data1\" content=\"2 minutos\" \/>\n<script type=\"application\/ld+json\" class=\"yoast-schema-graph\">{\"@context\":\"https:\\\/\\\/schema.org\",\"@graph\":[{\"@type\":\"WebPage\",\"@id\":\"https:\\\/\\\/unidadestudio.com\\\/impromex\\\/sobre-nosotros\\\/\",\"url\":\"https:\\\/\\\/unidadestudio.com\\\/impromex\\\/sobre-nosotros\\\/\",\"name\":\"Sobre nosotros - Impromex\",\"isPartOf\":{\"@id\":\"https:\\\/\\\/unidadestudio.com\\\/impromex\\\/#website\"},\"datePublished\":\"2021-11-10T12:13:03+00:00\",\"dateModified\":\"2025-07-09T12:31:42+00:00\",\"breadcrumb\":{\"@id\":\"https:\\\/\\\/unidadestudio.com\\\/impromex\\\/sobre-nosotros\\\/#breadcrumb\"},\"inLanguage\":\"es\",\"potentialAction\":[{\"@type\":\"ReadAction\",\"target\":[\"https:\\\/\\\/unidadestudio.com\\\/impromex\\\/sobre-nosotros\\\/\"]}]},{\"@type\":\"BreadcrumbList\",\"@id\":\"https:\\\/\\\/unidadestudio.com\\\/impromex\\\/sobre-nosotros\\\/#breadcrumb\",\"itemListElement\":[{\"@type\":\"ListItem\",\"position\":1,\"name\":\"Inicio\",\"item\":\"https:\\\/\\\/unidadestudio.com\\\/impromex\\\/\"},{\"@type\":\"ListItem\",\"position\":2,\"name\":\"Sobre nosotros\"}]},{\"@type\":\"WebSite\",\"@id\":\"https:\\\/\\\/unidadestudio.com\\\/impromex\\\/#website\",\"url\":\"https:\\\/\\\/unidadestudio.com\\\/impromex\\\/\",\"name\":\"Impromex\",\"description\":\"\",\"publisher\":{\"@id\":\"https:\\\/\\\/unidadestudio.com\\\/impromex\\\/#organization\"},\"potentialAction\":[{\"@type\":\"SearchAction\",\"target\":{\"@type\":\"EntryPoint\",\"urlTemplate\":\"https:\\\/\\\/unidadestudio.com\\\/impromex\\\/?s={search_term_string}\"},\"query-input\":{\"@type\":\"PropertyValueSpecification\",\"valueRequired\":true,\"valueName\":\"search_term_string\"}}],\"inLanguage\":\"es\"},{\"@type\":\"Organization\",\"@id\":\"https:\\\/\\\/unidadestudio.com\\\/impromex\\\/#organization\",\"name\":\"Impromex\",\"url\":\"https:\\\/\\\/unidadestudio.com\\\/impromex\\\/\",\"logo\":{\"@type\":\"ImageObject\",\"inLanguage\":\"es\",\"@id\":\"https:\\\/\\\/unidadestudio.com\\\/impromex\\\/#\\\/schema\\\/logo\\\/image\\\/\",\"url\":\"https:\\\/\\\/unidadestudio.com\\\/impromex\\\/wp-content\\\/uploads\\\/2025\\\/03\\\/Logo-Impromex-e1742592392883.png\",\"contentUrl\":\"https:\\\/\\\/unidadestudio.com\\\/impromex\\\/wp-content\\\/uploads\\\/2025\\\/03\\\/Logo-Impromex-e1742592392883.png\",\"width\":500,\"height\":95,\"caption\":\"Impromex\"},\"image\":{\"@id\":\"https:\\\/\\\/unidadestudio.com\\\/impromex\\\/#\\\/schema\\\/logo\\\/image\\\/\"},\"sameAs\":[\"https:\\\/\\\/www.facebook.com\\\/impromex.ec\",\"https:\\\/\\\/www.instagram.com\\\/impromex.ec\\\/\"]}]}<\/script>\n<!-- \/ Yoast SEO plugin. -->","yoast_head_json":{"title":"Sobre nosotros - Impromex","robots":{"index":"index","follow":"follow","max-snippet":"max-snippet:-1","max-image-preview":"max-image-preview:large","max-video-preview":"max-video-preview:-1"},"canonical":"https:\/\/unidadestudio.com\/impromex\/sobre-nosotros\/","og_locale":"es_ES","og_type":"article","og_title":"Sobre nosotros - Impromex","og_url":"https:\/\/unidadestudio.com\/impromex\/sobre-nosotros\/","og_site_name":"Impromex","article_publisher":"https:\/\/www.facebook.com\/impromex.ec","article_modified_time":"2025-07-09T12:31:42+00:00","twitter_card":"summary_large_image","twitter_misc":{"Tiempo de lectura":"2 minutos"},"schema":{"@context":"https:\/\/schema.org","@graph":[{"@type":"WebPage","@id":"https:\/\/unidadestudio.com\/impromex\/sobre-nosotros\/","url":"https:\/\/unidadestudio.com\/impromex\/sobre-nosotros\/","name":"Sobre nosotros - Impromex","isPartOf":{"@id":"https:\/\/unidadestudio.com\/impromex\/#website"},"datePublished":"2021-11-10T12:13:03+00:00","dateModified":"2025-07-09T12:31:42+00:00","breadcrumb":{"@id":"https:\/\/unidadestudio.com\/impromex\/sobre-nosotros\/#breadcrumb"},"inLanguage":"es","potentialAction":[{"@type":"ReadAction","target":["https:\/\/unidadestudio.com\/impromex\/sobre-nosotros\/"]}]},{"@type":"BreadcrumbList","@id":"https:\/\/unidadestudio.com\/impromex\/sobre-nosotros\/#breadcrumb","itemListElement":[{"@type":"ListItem","position":1,"name":"Inicio","item":"https:\/\/unidadestudio.com\/impromex\/"},{"@type":"ListItem","position":2,"name":"Sobre nosotros"}]},{"@type":"WebSite","@id":"https:\/\/unidadestudio.com\/impromex\/#website","url":"https:\/\/unidadestudio.com\/impromex\/","name":"Impromex","description":"","publisher":{"@id":"https:\/\/unidadestudio.com\/impromex\/#organization"},"potentialAction":[{"@type":"SearchAction","target":{"@type":"EntryPoint","urlTemplate":"https:\/\/unidadestudio.com\/impromex\/?s={search_term_string}"},"query-input":{"@type":"PropertyValueSpecification","valueRequired":true,"valueName":"search_term_string"}}],"inLanguage":"es"},{"@type":"Organization","@id":"https:\/\/unidadestudio.com\/impromex\/#organization","name":"Impromex","url":"https:\/\/unidadestudio.com\/impromex\/","logo":{"@type":"ImageObject","inLanguage":"es","@id":"https:\/\/unidadestudio.com\/impromex\/#\/schema\/logo\/image\/","url":"https:\/\/unidadestudio.com\/impromex\/wp-content\/uploads\/2025\/03\/Logo-Impromex-e1742592392883.png","contentUrl":"https:\/\/unidadestudio.com\/impromex\/wp-content\/uploads\/2025\/03\/Logo-Impromex-e1742592392883.png","width":500,"height":95,"caption":"Impromex"},"image":{"@id":"https:\/\/unidadestudio.com\/impromex\/#\/schema\/logo\/image\/"},"sameAs":["https:\/\/www.facebook.com\/impromex.ec","https:\/\/www.instagram.com\/impromex.ec\/"]}]}},"_links":{"self":[{"href":"https:\/\/unidadestudio.com\/impromex\/wp-json\/wp\/v2\/pages\/15","targetHints":{"allow":["GET"]}}],"collection":[{"href":"https:\/\/unidadestudio.com\/impromex\/wp-json\/wp\/v2\/pages"}],"about":[{"href":"https:\/\/unidadestudio.com\/impromex\/wp-json\/wp\/v2\/types\/page"}],"author":[{"embeddable":true,"href":"https:\/\/unidadestudio.com\/impromex\/wp-json\/wp\/v2\/users\/1"}],"replies":[{"embeddable":true,"href":"https:\/\/unidadestudio.com\/impromex\/wp-json\/wp\/v2\/comments?post=15"}],"version-history":[{"count":5,"href":"https:\/\/unidadestudio.com\/impromex\/wp-json\/wp\/v2\/pages\/15\/revisions"}],"predecessor-version":[{"id":3464,"href":"https:\/\/unidadestudio.com\/impromex\/wp-json\/wp\/v2\/pages\/15\/revisions\/3464"}],"wp:attachment":[{"href":"https:\/\/unidadestudio.com\/impromex\/wp-json\/wp\/v2\/media?parent=15"}],"curies":[{"name":"wp","href":"https:\/\/api.w.org\/{rel}","templated":true}]}}