{"id":10,"date":"2021-11-10T07:13:03","date_gmt":"2021-11-10T12:13:03","guid":{"rendered":"https:\/\/unidadestudio.com\/impromex\/terminos-y-condiciones\/"},"modified":"2025-03-29T17:50:16","modified_gmt":"2025-03-29T22:50:16","slug":"terminos-y-condiciones","status":"publish","type":"page","link":"https:\/\/unidadestudio.com\/impromex\/terminos-y-condiciones\/","title":{"rendered":"T\u00e9rminos y Condiciones"},"content":{"rendered":"<div class=\"fusion-fullwidth fullwidth-box fusion-builder-row-1 fusion-flex-container nonhundred-percent-fullwidth non-hundred-percent-height-scrolling\" style=\"--awb-border-radius-top-left:0px;--awb-border-radius-top-right:0px;--awb-border-radius-bottom-right:0px;--awb-border-radius-bottom-left:0px;--awb-background-color:#f6f6f6;--awb-flex-wrap:wrap;\" ><div class=\"fusion-builder-row fusion-row fusion-flex-align-items-flex-start fusion-flex-content-wrap\" style=\"max-width:1248px;margin-left: calc(-4% \/ 2 );margin-right: calc(-4% \/ 2 );\"><div class=\"fusion-layout-column fusion_builder_column fusion-builder-column-0 fusion_builder_column_1_1 1_1 fusion-flex-column\" style=\"--awb-bg-color:#f6f6f6;--awb-bg-color-hover:#f6f6f6;--awb-bg-size:cover;--awb-width-large:100%;--awb-margin-top-large:0px;--awb-spacing-right-large:1.92%;--awb-margin-bottom-large:0px;--awb-spacing-left-large:1.92%;--awb-width-medium:100%;--awb-spacing-right-medium:1.92%;--awb-spacing-left-medium:1.92%;--awb-width-small:100%;--awb-spacing-right-small:1.92%;--awb-spacing-left-small:1.92%;\"><div class=\"fusion-column-wrapper fusion-flex-justify-content-flex-start fusion-content-layout-column\"><nav class=\"fusion-breadcrumbs awb-yoast-breadcrumbs fusion-breadcrumbs-1\" style=\"--awb-margin-top:30px;--awb-margin-bottom:10px;--awb-alignment:left;--awb-breadcrumb-sep:&#039;\/&#039;;text-align:left;\" aria-label=\"Breadcrumb\"><ol class=\"awb-breadcrumb-list\"><\/ol><\/nav><div class=\"fusion-title title fusion-title-1 fusion-sep-none fusion-title-text fusion-title-size-one\" style=\"--awb-text-color:var(--awb-color8);--awb-margin-top:0px;--awb-margin-bottom:30px;--awb-font-size:22px;\"><h1 class=\"fusion-title-heading title-heading-left\" style=\"font-family:&quot;Manrope&quot;;font-style:normal;font-weight:700;margin:0;font-size:1em;text-transform:none;\">T\u00e9rminos y Condiciones<\/h1><\/div><\/div><\/div><div class=\"fusion-layout-column fusion_builder_column fusion-builder-column-1 fusion_builder_column_1_1 1_1 fusion-flex-column\" style=\"--awb-padding-top:30px;--awb-padding-right:40px;--awb-padding-bottom:30px;--awb-padding-left:40px;--awb-bg-color:var(--awb-color1);--awb-bg-color-hover:var(--awb-color1);--awb-bg-size:cover;--awb-width-large:100%;--awb-margin-top-large:0px;--awb-spacing-right-large:1.92%;--awb-margin-bottom-large:30px;--awb-spacing-left-large:1.92%;--awb-width-medium:100%;--awb-spacing-right-medium:1.92%;--awb-spacing-left-medium:1.92%;--awb-width-small:100%;--awb-spacing-right-small:1.92%;--awb-spacing-left-small:1.92%;\"><div class=\"fusion-column-wrapper fusion-flex-justify-content-flex-start fusion-content-layout-column\"><div class=\"fusion-text fusion-text-1\"><p><strong>Introducci\u00f3n<\/strong><\/p>\n<p>Estos T\u00e9rminos y Condiciones rigen el uso de este sitio web proporcionado por Impromex C\u00eda. Ltda. Al acceder a este sitio web, usted acepta estos T\u00e9rminos y Condiciones en su totalidad. Si no est\u00e1 de acuerdo con alguno de estos t\u00e9rminos, por favor no utilice nuestro sitio web.<\/p>\n<p><strong>Uso del Sitio Web<\/strong><\/p>\n<p>Este sitio web est\u00e1 destinado \u00fanicamente para su uso personal y no comercial. No puede utilizar este sitio web de ninguna manera que cause, o pueda causar, da\u00f1os al sitio web o deterioro de la disponibilidad o accesibilidad del mismo.<\/p>\n<p><strong>Propiedad Intelectual<\/strong><\/p>\n<p>Todos los derechos de propiedad intelectual del contenido de este sitio web, incluyendo pero no limitado a textos, gr\u00e1ficos, logotipos, iconos, im\u00e1genes, clips de audio, descargas digitales y software, son propiedad de Impromex C\u00eda. Ltda. o de sus proveedores de contenido y est\u00e1n protegidos por las leyes de propiedad intelectual.<\/p>\n<p><strong>Limitaciones de Responsabilidad<\/strong><\/p>\n<p>Impromex C\u00eda. Ltda. no ser\u00e1 responsable por cualquier da\u00f1o directo, indirecto, incidental, especial o consecuente que resulte del uso o la incapacidad de usar este sitio web, incluyendo pero no limitado a la confianza en cualquier informaci\u00f3n obtenida de este sitio web que resulte en errores, omisiones, interrupciones, eliminaci\u00f3n de archivos o correos electr\u00f3nicos, defectos, virus, retrasos en la operaci\u00f3n o transmisi\u00f3n, o cualquier fallo de rendimiento.<\/p>\n<p><strong>Enlaces a Sitios de Terceros<\/strong><\/p>\n<p>Este sitio web puede contener enlaces a otros sitios web operados por terceros. Estos enlaces se proporcionan para su conveniencia y como una v\u00eda adicional de acceso a la informaci\u00f3n contenida en ellos. No hemos revisado toda la informaci\u00f3n en esos otros sitios web y no somos responsables del contenido de dichos sitios web ni de ning\u00fan producto o servicio que puedan ofrecer.<\/p>\n<p><strong>Modificaciones de los T\u00e9rminos<\/strong><\/p>\n<p>Impromex C\u00eda. Ltda. se reserva el derecho de modificar estos T\u00e9rminos y Condiciones en cualquier momento. Las modificaciones ser\u00e1n efectivas inmediatamente despu\u00e9s de su publicaci\u00f3n en este sitio web. Su uso continuado de este sitio web despu\u00e9s de la publicaci\u00f3n de cualquier modificaci\u00f3n constituye su aceptaci\u00f3n de dichos cambios.<\/p>\n<p><strong>Ley Aplicable y Jurisdicci\u00f3n<\/strong><\/p>\n<p>Estos T\u00e9rminos y Condiciones se regir\u00e1n e interpretar\u00e1n de acuerdo con las leyes de Ecuador. Cualquier disputa que surja en relaci\u00f3n con estos T\u00e9rminos y Condiciones estar\u00e1 sujeta a la jurisdicci\u00f3n exclusiva de los tribunales de Quito, Ecuador.<\/p>\n<p><strong>Contacto<\/strong><\/p>\n<p>Si tiene alguna pregunta o inquietud sobre estos T\u00e9rminos y Condiciones, por favor cont\u00e1ctenos en:<br \/>Correo electr\u00f3nico: <a>info@impromex.com.ec<\/a><br \/>Direcci\u00f3n: De Los Pambiles N49-42 y De Los \u00c1ngeles, San Isidro del Inca, Quito, Ecuador<br \/>Tel\u00e9fono: (02) 2249550<\/p>\n<\/div><\/div><\/div><\/div><\/div>\n","protected":false},"excerpt":{"rendered":"","protected":false},"author":1,"featured_media":0,"parent":0,"menu_order":0,"comment_status":"closed","ping_status":"closed","template":"100-width.php","meta":{"_joinchat":[],"footnotes":""},"class_list":["post-10","page","type-page","status-publish","hentry"],"yoast_head":"<!-- This site is optimized with the Yoast SEO plugin v27.4 - https:\/\/yoast.com\/product\/yoast-seo-wordpress\/ -->\n<title>T\u00e9rminos y Condiciones - Impromex<\/title>\n<meta name=\"robots\" content=\"index, follow, max-snippet:-1, max-image-preview:large, max-video-preview:-1\" \/>\n<link rel=\"canonical\" href=\"https:\/\/unidadestudio.com\/impromex\/terminos-y-condiciones\/\" \/>\n<meta property=\"og:locale\" content=\"es_ES\" \/>\n<meta property=\"og:type\" content=\"article\" \/>\n<meta property=\"og:title\" content=\"T\u00e9rminos y Condiciones - Impromex\" \/>\n<meta property=\"og:url\" content=\"https:\/\/unidadestudio.com\/impromex\/terminos-y-condiciones\/\" \/>\n<meta property=\"og:site_name\" content=\"Impromex\" \/>\n<meta property=\"article:publisher\" content=\"https:\/\/www.facebook.com\/impromex.ec\" \/>\n<meta property=\"article:modified_time\" content=\"2025-03-29T22:50:16+00:00\" \/>\n<meta name=\"twitter:card\" content=\"summary_large_image\" \/>\n<meta name=\"twitter:label1\" content=\"Tiempo de lectura\" \/>\n\t<meta name=\"twitter:data1\" content=\"4 minutos\" \/>\n<script type=\"application\/ld+json\" class=\"yoast-schema-graph\">{\"@context\":\"https:\\\/\\\/schema.org\",\"@graph\":[{\"@type\":\"WebPage\",\"@id\":\"https:\\\/\\\/unidadestudio.com\\\/impromex\\\/terminos-y-condiciones\\\/\",\"url\":\"https:\\\/\\\/unidadestudio.com\\\/impromex\\\/terminos-y-condiciones\\\/\",\"name\":\"T\u00e9rminos y Condiciones - Impromex\",\"isPartOf\":{\"@id\":\"https:\\\/\\\/unidadestudio.com\\\/impromex\\\/#website\"},\"datePublished\":\"2021-11-10T12:13:03+00:00\",\"dateModified\":\"2025-03-29T22:50:16+00:00\",\"breadcrumb\":{\"@id\":\"https:\\\/\\\/unidadestudio.com\\\/impromex\\\/terminos-y-condiciones\\\/#breadcrumb\"},\"inLanguage\":\"es\",\"potentialAction\":[{\"@type\":\"ReadAction\",\"target\":[\"https:\\\/\\\/unidadestudio.com\\\/impromex\\\/terminos-y-condiciones\\\/\"]}]},{\"@type\":\"BreadcrumbList\",\"@id\":\"https:\\\/\\\/unidadestudio.com\\\/impromex\\\/terminos-y-condiciones\\\/#breadcrumb\",\"itemListElement\":[{\"@type\":\"ListItem\",\"position\":1,\"name\":\"Inicio\",\"item\":\"https:\\\/\\\/unidadestudio.com\\\/impromex\\\/\"},{\"@type\":\"ListItem\",\"position\":2,\"name\":\"T\u00e9rminos y Condiciones\"}]},{\"@type\":\"WebSite\",\"@id\":\"https:\\\/\\\/unidadestudio.com\\\/impromex\\\/#website\",\"url\":\"https:\\\/\\\/unidadestudio.com\\\/impromex\\\/\",\"name\":\"Impromex\",\"description\":\"\",\"publisher\":{\"@id\":\"https:\\\/\\\/unidadestudio.com\\\/impromex\\\/#organization\"},\"potentialAction\":[{\"@type\":\"SearchAction\",\"target\":{\"@type\":\"EntryPoint\",\"urlTemplate\":\"https:\\\/\\\/unidadestudio.com\\\/impromex\\\/?s={search_term_string}\"},\"query-input\":{\"@type\":\"PropertyValueSpecification\",\"valueRequired\":true,\"valueName\":\"search_term_string\"}}],\"inLanguage\":\"es\"},{\"@type\":\"Organization\",\"@id\":\"https:\\\/\\\/unidadestudio.com\\\/impromex\\\/#organization\",\"name\":\"Impromex\",\"url\":\"https:\\\/\\\/unidadestudio.com\\\/impromex\\\/\",\"logo\":{\"@type\":\"ImageObject\",\"inLanguage\":\"es\",\"@id\":\"https:\\\/\\\/unidadestudio.com\\\/impromex\\\/#\\\/schema\\\/logo\\\/image\\\/\",\"url\":\"https:\\\/\\\/unidadestudio.com\\\/impromex\\\/wp-content\\\/uploads\\\/2025\\\/03\\\/Logo-Impromex-e1742592392883.png\",\"contentUrl\":\"https:\\\/\\\/unidadestudio.com\\\/impromex\\\/wp-content\\\/uploads\\\/2025\\\/03\\\/Logo-Impromex-e1742592392883.png\",\"width\":500,\"height\":95,\"caption\":\"Impromex\"},\"image\":{\"@id\":\"https:\\\/\\\/unidadestudio.com\\\/impromex\\\/#\\\/schema\\\/logo\\\/image\\\/\"},\"sameAs\":[\"https:\\\/\\\/www.facebook.com\\\/impromex.ec\",\"https:\\\/\\\/www.instagram.com\\\/impromex.ec\\\/\"]}]}<\/script>\n<!-- \/ Yoast SEO plugin. -->","yoast_head_json":{"title":"T\u00e9rminos y Condiciones - Impromex","robots":{"index":"index","follow":"follow","max-snippet":"max-snippet:-1","max-image-preview":"max-image-preview:large","max-video-preview":"max-video-preview:-1"},"canonical":"https:\/\/unidadestudio.com\/impromex\/terminos-y-condiciones\/","og_locale":"es_ES","og_type":"article","og_title":"T\u00e9rminos y Condiciones - Impromex","og_url":"https:\/\/unidadestudio.com\/impromex\/terminos-y-condiciones\/","og_site_name":"Impromex","article_publisher":"https:\/\/www.facebook.com\/impromex.ec","article_modified_time":"2025-03-29T22:50:16+00:00","twitter_card":"summary_large_image","twitter_misc":{"Tiempo de lectura":"4 minutos"},"schema":{"@context":"https:\/\/schema.org","@graph":[{"@type":"WebPage","@id":"https:\/\/unidadestudio.com\/impromex\/terminos-y-condiciones\/","url":"https:\/\/unidadestudio.com\/impromex\/terminos-y-condiciones\/","name":"T\u00e9rminos y Condiciones - Impromex","isPartOf":{"@id":"https:\/\/unidadestudio.com\/impromex\/#website"},"datePublished":"2021-11-10T12:13:03+00:00","dateModified":"2025-03-29T22:50:16+00:00","breadcrumb":{"@id":"https:\/\/unidadestudio.com\/impromex\/terminos-y-condiciones\/#breadcrumb"},"inLanguage":"es","potentialAction":[{"@type":"ReadAction","target":["https:\/\/unidadestudio.com\/impromex\/terminos-y-condiciones\/"]}]},{"@type":"BreadcrumbList","@id":"https:\/\/unidadestudio.com\/impromex\/terminos-y-condiciones\/#breadcrumb","itemListElement":[{"@type":"ListItem","position":1,"name":"Inicio","item":"https:\/\/unidadestudio.com\/impromex\/"},{"@type":"ListItem","position":2,"name":"T\u00e9rminos y Condiciones"}]},{"@type":"WebSite","@id":"https:\/\/unidadestudio.com\/impromex\/#website","url":"https:\/\/unidadestudio.com\/impromex\/","name":"Impromex","description":"","publisher":{"@id":"https:\/\/unidadestudio.com\/impromex\/#organization"},"potentialAction":[{"@type":"SearchAction","target":{"@type":"EntryPoint","urlTemplate":"https:\/\/unidadestudio.com\/impromex\/?s={search_term_string}"},"query-input":{"@type":"PropertyValueSpecification","valueRequired":true,"valueName":"search_term_string"}}],"inLanguage":"es"},{"@type":"Organization","@id":"https:\/\/unidadestudio.com\/impromex\/#organization","name":"Impromex","url":"https:\/\/unidadestudio.com\/impromex\/","logo":{"@type":"ImageObject","inLanguage":"es","@id":"https:\/\/unidadestudio.com\/impromex\/#\/schema\/logo\/image\/","url":"https:\/\/unidadestudio.com\/impromex\/wp-content\/uploads\/2025\/03\/Logo-Impromex-e1742592392883.png","contentUrl":"https:\/\/unidadestudio.com\/impromex\/wp-content\/uploads\/2025\/03\/Logo-Impromex-e1742592392883.png","width":500,"height":95,"caption":"Impromex"},"image":{"@id":"https:\/\/unidadestudio.com\/impromex\/#\/schema\/logo\/image\/"},"sameAs":["https:\/\/www.facebook.com\/impromex.ec","https:\/\/www.instagram.com\/impromex.ec\/"]}]}},"_links":{"self":[{"href":"https:\/\/unidadestudio.com\/impromex\/wp-json\/wp\/v2\/pages\/10","targetHints":{"allow":["GET"]}}],"collection":[{"href":"https:\/\/unidadestudio.com\/impromex\/wp-json\/wp\/v2\/pages"}],"about":[{"href":"https:\/\/unidadestudio.com\/impromex\/wp-json\/wp\/v2\/types\/page"}],"author":[{"embeddable":true,"href":"https:\/\/unidadestudio.com\/impromex\/wp-json\/wp\/v2\/users\/1"}],"replies":[{"embeddable":true,"href":"https:\/\/unidadestudio.com\/impromex\/wp-json\/wp\/v2\/comments?post=10"}],"version-history":[{"count":0,"href":"https:\/\/unidadestudio.com\/impromex\/wp-json\/wp\/v2\/pages\/10\/revisions"}],"wp:attachment":[{"href":"https:\/\/unidadestudio.com\/impromex\/wp-json\/wp\/v2\/media?parent=10"}],"curies":[{"name":"wp","href":"https:\/\/api.w.org\/{rel}","templated":true}]}}