{"id":2,"date":"2023-03-12T12:43:27","date_gmt":"2023-03-12T12:43:27","guid":{"rendered":"https:\/\/unidadestudio.com\/capoeira\/?page_id=2"},"modified":"2023-03-12T12:52:31","modified_gmt":"2023-03-12T12:52:31","slug":"pagina-ejemplo","status":"publish","type":"page","link":"https:\/\/unidadestudio.com\/capoeira\/pagina-ejemplo\/","title":{"rendered":"Cantigas de Capoeira"},"content":{"rendered":"\n<p>En clase nos dimos cuenta que siempre vamos a necesitar un lugar para guardar las cantigas de capoeira que vamos aprendiendo&#8230;<\/p>\n\n\n\n<p>Sin embargo, no siempre tenemos nuestro cuaderno a mano para anotar, pero siempre tenemos a nuestro alcance nuestro tel\u00e9fono. As\u00ed que vamos a aprovechar esta situaci\u00f3n y la tecnolog\u00eda disponible.<\/p>\n\n\n\n<h3 class=\"has-text-align-center wp-block-heading\">Nuestras cantigas<\/h3>\n\n\n\n<blockquote class=\"wp-block-quote is-layout-flow wp-block-quote-is-layout-flow\">\n<p><\/p>\n<\/blockquote>\n\n\n\n<blockquote class=\"wp-block-quote is-layout-flow wp-block-quote-is-layout-flow\">\n<p><\/p>\n<\/blockquote>\n","protected":false},"excerpt":{"rendered":"<p>En clase nos dimos cuenta que siempre vamos a necesitar un lugar para guardar las cantigas de capoeira que vamos aprendiendo&#8230; Sin embargo, no siempre tenemos nuestro cuaderno a mano para anotar, pero siempre tenemos a nuestro alcance nuestro tel\u00e9fono. As\u00ed que vamos a aprovechar esta situaci\u00f3n y la tecnolog\u00eda disponible. Nuestras cantigas<\/p>\n","protected":false},"author":1,"featured_media":0,"parent":0,"menu_order":0,"comment_status":"closed","ping_status":"open","template":"","meta":{"footnotes":""},"class_list":["post-2","page","type-page","status-publish","hentry"],"_links":{"self":[{"href":"https:\/\/unidadestudio.com\/capoeira\/wp-json\/wp\/v2\/pages\/2","targetHints":{"allow":["GET"]}}],"collection":[{"href":"https:\/\/unidadestudio.com\/capoeira\/wp-json\/wp\/v2\/pages"}],"about":[{"href":"https:\/\/unidadestudio.com\/capoeira\/wp-json\/wp\/v2\/types\/page"}],"author":[{"embeddable":true,"href":"https:\/\/unidadestudio.com\/capoeira\/wp-json\/wp\/v2\/users\/1"}],"replies":[{"embeddable":true,"href":"https:\/\/unidadestudio.com\/capoeira\/wp-json\/wp\/v2\/comments?post=2"}],"version-history":[{"count":2,"href":"https:\/\/unidadestudio.com\/capoeira\/wp-json\/wp\/v2\/pages\/2\/revisions"}],"predecessor-version":[{"id":12,"href":"https:\/\/unidadestudio.com\/capoeira\/wp-json\/wp\/v2\/pages\/2\/revisions\/12"}],"wp:attachment":[{"href":"https:\/\/unidadestudio.com\/capoeira\/wp-json\/wp\/v2\/media?parent=2"}],"curies":[{"name":"wp","href":"https:\/\/api.w.org\/{rel}","templated":true}]}}